{"id":1273,"date":"2024-07-02T07:38:58","date_gmt":"2024-07-02T07:38:58","guid":{"rendered":"http:\/\/192.168.0.235:10004\/?page_id=1273"},"modified":"2025-08-31T10:35:14","modified_gmt":"2025-08-31T08:35:14","slug":"individual-therapy","status":"publish","type":"page","link":"https:\/\/brest-sophrologue.fr\/index.php\/individual-therapy\/","title":{"rendered":"Parcours Parents Zen"},"content":{"rendered":"\t\t<div data-elementor-type=\"wp-page\" data-elementor-id=\"1273\" class=\"elementor elementor-1273\">\n\t\t\t\t<div class=\"elementor-element elementor-element-c32522e e-flex e-con-boxed rt-default-class e-con e-parent\" data-id=\"c32522e\" data-element_type=\"container\">\n\t\t\t\t\t<div class=\"e-con-inner\">\n\t\t<div class=\"elementor-element elementor-element-6b4474a e-con-full e-flex rt-default-class e-con e-child\" data-id=\"6b4474a\" data-element_type=\"container\">\n\t\t\t\t<div class=\"elementor-element elementor-element-17ce400 rt-default-class elementor-widget elementor-widget-react-heading\" data-id=\"17ce400\" data-element_type=\"widget\" data-widget_type=\"react-heading.default\">\n\t\t\t\t<div class=\"elementor-widget-container\">\n\t\t\t\t\t<div class=\"animation-wow fadeInUp react-heading default\">\r\n\t\t\t<div class=\"title-inner\">\r\n\t\t\t\t<span class=\"bg-color-3 sub-text subtitle wow fadeInUp\">Mes services<\/span><div class=\"wow fadeInUp\"><h2 class=\"title word-line\">Apaiser son quotidien, retrouver du lien<\/h2><\/div>\t\t\t<\/div>\r\n\t\t\t\r\n\t\t\t\t\t\t\t<div class=\"description wow fadeInUp \">\r\n\t\t\t\t\t<p>Ce parcours vous permet de revenir \u00e0 plus de douceur dans la relation avec vos enfants<\/p>\t\t\t\t<\/div>\r\n\t\t\t\t\t\t\t\t<\/div>\t\t\t\r\n\t\t\t<\/div>\n\t\t\t\t<\/div>\n\t\t<div class=\"elementor-element elementor-element-bd78310 e-con-full e-flex rt-default-class e-con e-child\" data-id=\"bd78310\" data-element_type=\"container\">\n\t\t\t\t<div class=\"elementor-element elementor-element-b270ca2 rt-default-class elementor-widget elementor-widget-heading\" data-id=\"b270ca2\" data-element_type=\"widget\" data-widget_type=\"heading.default\">\n\t\t\t\t<div class=\"elementor-widget-container\">\n\t\t\t<div class=\"elementor-heading-title elementor-size-default\"><h2 class=\"d-inline id-color-2\">220\u20ac<\/h2><\/div>\t\t<\/div>\n\t\t\t\t<\/div>\n\t\t\t\t<div class=\"elementor-element elementor-element-f3de5c1 rt-default-class elementor-widget elementor-widget-heading\" data-id=\"f3de5c1\" data-element_type=\"widget\" data-widget_type=\"heading.default\">\n\t\t\t\t<div class=\"elementor-widget-container\">\n\t\t\t<div class=\"elementor-heading-title elementor-size-default\">les 4 s\u00e9ances<\/div>\t\t<\/div>\n\t\t\t\t<\/div>\n\t\t\t\t<\/div>\n\t\t\t\t<\/div>\n\t\t<div class=\"elementor-element elementor-element-a44a5f0 e-con-full e-flex rt-default-class e-con e-child\" data-id=\"a44a5f0\" data-element_type=\"container\">\n\t\t\t\t<div class=\"elementor-element elementor-element-45502a4 rt-default-class elementor-widget elementor-widget-image\" data-id=\"45502a4\" data-element_type=\"widget\" data-widget_type=\"image.default\">\n\t\t\t\t<div class=\"elementor-widget-container\">\n\t\t\t\t\t\t\t\t\t\t\t\t\t<img fetchpriority=\"high\" decoding=\"async\" width=\"640\" height=\"905\" src=\"https:\/\/brest-sophrologue.fr\/wp-content\/uploads\/2025\/04\/Parcours-Parents-Zen-724x1024.png\" class=\"attachment-large size-large wp-image-2838\" alt=\"\" srcset=\"https:\/\/brest-sophrologue.fr\/wp-content\/uploads\/2025\/04\/Parcours-Parents-Zen-724x1024.png 724w, https:\/\/brest-sophrologue.fr\/wp-content\/uploads\/2025\/04\/Parcours-Parents-Zen-212x300.png 212w, https:\/\/brest-sophrologue.fr\/wp-content\/uploads\/2025\/04\/Parcours-Parents-Zen-768x1086.png 768w, https:\/\/brest-sophrologue.fr\/wp-content\/uploads\/2025\/04\/Parcours-Parents-Zen-1086x1536.png 1086w, https:\/\/brest-sophrologue.fr\/wp-content\/uploads\/2025\/04\/Parcours-Parents-Zen.png 1414w\" sizes=\"(max-width: 640px) 100vw, 640px\" \/>\t\t\t\t\t\t\t\t\t\t\t\t\t<\/div>\n\t\t\t\t<\/div>\n\t\t\t\t<\/div>\n\t\t\t\t\t<\/div>\n\t\t\t\t<\/div>\n\t\t<div class=\"elementor-element elementor-element-edb1119 e-flex e-con-boxed rt-default-class e-con e-parent\" data-id=\"edb1119\" data-element_type=\"container\" data-settings=\"{&quot;background_background&quot;:&quot;classic&quot;}\">\n\t\t\t\t\t<div class=\"e-con-inner\">\n\t\t\t\t<div class=\"elementor-element elementor-element-a8cb3c9 elementor-widget__width-initial elementor-widget-mobile__width-inherit rt-default-class elementor-widget elementor-widget-react-heading\" data-id=\"a8cb3c9\" data-element_type=\"widget\" data-widget_type=\"react-heading.default\">\n\t\t\t\t<div class=\"elementor-widget-container\">\n\t\t\t\t\t<div class=\"animation-style1 react-heading default\">\r\n\t\t\t<div class=\"title-inner\">\r\n\t\t\t\t<div class=\"style1\"><h4 class=\"title word-line\">Pour qui ?<\/h4><\/div>\t\t\t<\/div>\r\n\t\t\t\r\n\t\t\t\t\t\t\t<div class=\"description style1 \">\r\n\t\t\t\t\t<p>Ce parcours est fait pour vous si :<\/p><ul><li data-start=\"2571\" data-end=\"2625\">vous vous sentez d\u00e9bord\u00e9.e dans votre r\u00f4le de parent<\/li><li data-start=\"2628\" data-end=\"2698\">les cris, les tensions ou le sentiment de fatigue prennent le dessus<\/li><li data-start=\"2701\" data-end=\"2775\">vous souhaitez revenir \u00e0 plus de douceur dans la relation avec vos enfants<\/li><\/ul>\t\t\t\t<\/div>\r\n\t\t\t\t\t\t\t\t<\/div>\t\t\t\r\n\t\t\t<\/div>\n\t\t\t\t<\/div>\n\t\t\t\t<div class=\"elementor-element elementor-element-2eb094f elementor-widget__width-initial elementor-widget-mobile__width-inherit rt-default-class elementor-widget elementor-widget-react-heading\" data-id=\"2eb094f\" data-element_type=\"widget\" data-widget_type=\"react-heading.default\">\n\t\t\t\t<div class=\"elementor-widget-container\">\n\t\t\t\t\t<div class=\"animation-style1 react-heading default\">\r\n\t\t\t<div class=\"title-inner\">\r\n\t\t\t\t<div class=\"style1\"><h4 class=\"title word-line\">Ce que ce parcours va vous apporter<\/h4><\/div>\t\t\t<\/div>\r\n\t\t\t\r\n\t\t\t\t\t\t\t<div class=\"description style1 \">\r\n\t\t\t\t\t<ul><li>Plus de calme int\u00e9rieur au quotidien<\/li><li>Une meilleure gestion des \u00e9motions familiales<\/li><li>Une posture parentale plus pos\u00e9e, plus sereine<\/li><li>Des outils concrets \u00e0 transmettre aussi aux enfants<\/li><\/ul>\t\t\t\t<\/div>\r\n\t\t\t\t\t\t\t\t<\/div>\t\t\t\r\n\t\t\t<\/div>\n\t\t\t\t<\/div>\n\t\t\t\t<div class=\"elementor-element elementor-element-aadb11c elementor-widget__width-initial elementor-widget-mobile__width-inherit rt-default-class elementor-widget elementor-widget-react-heading\" data-id=\"aadb11c\" data-element_type=\"widget\" data-widget_type=\"react-heading.default\">\n\t\t\t\t<div class=\"elementor-widget-container\">\n\t\t\t\t\t<div class=\"animation-style1 react-heading default\">\r\n\t\t\t<div class=\"title-inner\">\r\n\t\t\t\t<div class=\"style1\"><h4 class=\"title word-line\">Ce que comprend ce parcours<\/h4><\/div>\t\t\t<\/div>\r\n\t\t\t\r\n\t\t\t\t\t\t\t<div class=\"description style1 \">\r\n\t\t\t\t\t<ul><li>4 s\u00e9ances individuelles<\/li><li>Techniques de respiration, ancrage, visualisation de sc\u00e8nes positives<\/li><li>Supports : PDF Routine parent zen + audio \u00e0 \u00e9couter apr\u00e8s les journ\u00e9es charg\u00e9es<\/li><li>Rythme conseill\u00e9 : 1 s\u00e9ance tous les 7 \u00e0 10 jours<\/li><li>En pr\u00e9sentiel ou en visio<\/li><\/ul>\t\t\t\t<\/div>\r\n\t\t\t\t\t\t\t\t<\/div>\t\t\t\r\n\t\t\t<\/div>\n\t\t\t\t<\/div>\n\t\t\t\t\t<\/div>\n\t\t\t\t<\/div>\n\t\t<div class=\"elementor-element elementor-element-aae140a e-flex e-con-boxed rt-default-class e-con e-parent\" data-id=\"aae140a\" data-element_type=\"container\">\n\t\t\t\t\t<div class=\"e-con-inner\">\n\t\t\t\t\t<\/div>\n\t\t\t\t<\/div>\n\t\t\t\t<\/div>\n\t\t","protected":false},"excerpt":{"rendered":"<p>Mes services Apaiser son quotidien, retrouver du lien Ce parcours vous permet de revenir \u00e0 plus de douceur dans la relation avec vos enfants 220\u20ac les 4 s\u00e9ances Pour qui ? Ce parcours est fait pour vous si : vous vous sentez d\u00e9bord\u00e9.e dans votre r\u00f4le de parent les cris, les tensions ou le sentiment&#8230;<\/p>\n","protected":false},"author":1,"featured_media":0,"parent":0,"menu_order":0,"comment_status":"closed","ping_status":"closed","template":"elementor_header_footer","meta":{"footnotes":""},"class_list":["post-1273","page","type-page","status-publish","hentry"],"aioseo_notices":[],"_links":{"self":[{"href":"https:\/\/brest-sophrologue.fr\/index.php\/wp-json\/wp\/v2\/pages\/1273","targetHints":{"allow":["GET"]}}],"collection":[{"href":"https:\/\/brest-sophrologue.fr\/index.php\/wp-json\/wp\/v2\/pages"}],"about":[{"href":"https:\/\/brest-sophrologue.fr\/index.php\/wp-json\/wp\/v2\/types\/page"}],"author":[{"embeddable":true,"href":"https:\/\/brest-sophrologue.fr\/index.php\/wp-json\/wp\/v2\/users\/1"}],"replies":[{"embeddable":true,"href":"https:\/\/brest-sophrologue.fr\/index.php\/wp-json\/wp\/v2\/comments?post=1273"}],"version-history":[{"count":20,"href":"https:\/\/brest-sophrologue.fr\/index.php\/wp-json\/wp\/v2\/pages\/1273\/revisions"}],"predecessor-version":[{"id":3455,"href":"https:\/\/brest-sophrologue.fr\/index.php\/wp-json\/wp\/v2\/pages\/1273\/revisions\/3455"}],"wp:attachment":[{"href":"https:\/\/brest-sophrologue.fr\/index.php\/wp-json\/wp\/v2\/media?parent=1273"}],"curies":[{"name":"wp","href":"https:\/\/api.w.org\/{rel}","templated":true}]}}