{"id":1277,"date":"2024-07-02T07:39:49","date_gmt":"2024-07-02T07:39:49","guid":{"rendered":"http:\/\/192.168.0.235:10004\/?page_id=1277"},"modified":"2025-08-31T10:38:03","modified_gmt":"2025-08-31T08:38:03","slug":"career-counseling","status":"publish","type":"page","link":"https:\/\/brest-sophrologue.fr\/index.php\/career-counseling\/","title":{"rendered":"Parcours Sommeil r\u00e9parateur"},"content":{"rendered":"\t\t<div data-elementor-type=\"wp-page\" data-elementor-id=\"1277\" class=\"elementor elementor-1277\">\n\t\t\t\t<div class=\"elementor-element elementor-element-72ad6352 e-flex e-con-boxed rt-default-class e-con e-parent\" data-id=\"72ad6352\" data-element_type=\"container\">\n\t\t\t\t\t<div class=\"e-con-inner\">\n\t\t<div class=\"elementor-element elementor-element-63f27386 e-con-full e-flex rt-default-class e-con e-child\" data-id=\"63f27386\" data-element_type=\"container\">\n\t\t\t\t<div class=\"elementor-element elementor-element-15bb65e3 rt-default-class elementor-widget elementor-widget-react-heading\" data-id=\"15bb65e3\" data-element_type=\"widget\" data-widget_type=\"react-heading.default\">\n\t\t\t\t<div class=\"elementor-widget-container\">\n\t\t\t\t\t<div class=\"animation-wow fadeInUp react-heading default\">\r\n\t\t\t<div class=\"title-inner\">\r\n\t\t\t\t<span class=\"bg-color-3 sub-text subtitle wow fadeInUp\">Mes services<\/span><div class=\"wow fadeInUp\"><h2 class=\"title word-line\">Des nuits plus sereines,             naturellement<\/h2><\/div>\t\t\t<\/div>\r\n\t\t\t\r\n\t\t\t\t\t\t\t<div class=\"description wow fadeInUp \">\r\n\t\t\t\t\t<p>Pour un endormissement plus facile, moins de r\u00e9veils nocturnes et une<br \/>routine apaisante<\/p>\t\t\t\t<\/div>\r\n\t\t\t\t\t\t\t\t<\/div>\t\t\t\r\n\t\t\t<\/div>\n\t\t\t\t<\/div>\n\t\t<div class=\"elementor-element elementor-element-7ad1f386 e-con-full e-flex rt-default-class e-con e-child\" data-id=\"7ad1f386\" data-element_type=\"container\">\n\t\t\t\t<div class=\"elementor-element elementor-element-1744554d rt-default-class elementor-widget elementor-widget-heading\" data-id=\"1744554d\" data-element_type=\"widget\" data-widget_type=\"heading.default\">\n\t\t\t\t<div class=\"elementor-widget-container\">\n\t\t\t<div class=\"elementor-heading-title elementor-size-default\"><h2 class=\"d-inline id-color-2\">220\u20ac<\/h2><\/div>\t\t<\/div>\n\t\t\t\t<\/div>\n\t\t\t\t<div class=\"elementor-element elementor-element-75896cf3 rt-default-class elementor-widget elementor-widget-heading\" data-id=\"75896cf3\" data-element_type=\"widget\" data-widget_type=\"heading.default\">\n\t\t\t\t<div class=\"elementor-widget-container\">\n\t\t\t<div class=\"elementor-heading-title elementor-size-default\">les 4 s\u00e9ances<\/div>\t\t<\/div>\n\t\t\t\t<\/div>\n\t\t\t\t<\/div>\n\t\t\t\t<\/div>\n\t\t<div class=\"elementor-element elementor-element-5d6b93f8 e-con-full e-flex rt-default-class e-con e-child\" data-id=\"5d6b93f8\" data-element_type=\"container\">\n\t\t\t\t<div class=\"elementor-element elementor-element-314cbe26 rt-default-class elementor-widget elementor-widget-image\" data-id=\"314cbe26\" data-element_type=\"widget\" data-widget_type=\"image.default\">\n\t\t\t\t<div class=\"elementor-widget-container\">\n\t\t\t\t\t\t\t\t\t\t\t\t\t<img fetchpriority=\"high\" decoding=\"async\" width=\"640\" height=\"905\" src=\"https:\/\/brest-sophrologue.fr\/wp-content\/uploads\/2025\/04\/Parcours-Sommeil-reparateur-724x1024.png\" class=\"attachment-large size-large wp-image-2836\" alt=\"\" srcset=\"https:\/\/brest-sophrologue.fr\/wp-content\/uploads\/2025\/04\/Parcours-Sommeil-reparateur-724x1024.png 724w, https:\/\/brest-sophrologue.fr\/wp-content\/uploads\/2025\/04\/Parcours-Sommeil-reparateur-212x300.png 212w, https:\/\/brest-sophrologue.fr\/wp-content\/uploads\/2025\/04\/Parcours-Sommeil-reparateur-768x1086.png 768w, https:\/\/brest-sophrologue.fr\/wp-content\/uploads\/2025\/04\/Parcours-Sommeil-reparateur-1086x1536.png 1086w, https:\/\/brest-sophrologue.fr\/wp-content\/uploads\/2025\/04\/Parcours-Sommeil-reparateur.png 1414w\" sizes=\"(max-width: 640px) 100vw, 640px\" \/>\t\t\t\t\t\t\t\t\t\t\t\t\t<\/div>\n\t\t\t\t<\/div>\n\t\t\t\t<\/div>\n\t\t\t\t\t<\/div>\n\t\t\t\t<\/div>\n\t\t<div class=\"elementor-element elementor-element-2665fa90 e-flex e-con-boxed rt-default-class e-con e-parent\" data-id=\"2665fa90\" data-element_type=\"container\" data-settings=\"{&quot;background_background&quot;:&quot;classic&quot;}\">\n\t\t\t\t\t<div class=\"e-con-inner\">\n\t\t\t\t<div class=\"elementor-element elementor-element-2604edc2 elementor-widget__width-initial elementor-widget-mobile__width-inherit rt-default-class elementor-widget elementor-widget-react-heading\" data-id=\"2604edc2\" data-element_type=\"widget\" data-widget_type=\"react-heading.default\">\n\t\t\t\t<div class=\"elementor-widget-container\">\n\t\t\t\t\t<div class=\"animation-style1 react-heading default\">\r\n\t\t\t<div class=\"title-inner\">\r\n\t\t\t\t<div class=\"style1\"><h4 class=\"title word-line\">Pour qui ?<\/h4><\/div>\t\t\t<\/div>\r\n\t\t\t\r\n\t\t\t\t\t\t\t<div class=\"description style1 \">\r\n\t\t\t\t\t<p>Ce parcours est fait pour vous si :<\/p><ul><li>vous avez des difficult\u00e9s \u00e0 vous endormir ou \u00e0 rester endormi.e<\/li><li>vous vous r\u00e9veillez fatigu\u00e9.e, avec un sommeil peu r\u00e9cup\u00e9rateur<\/li><li>votre mental s\u2019agite au moment du coucher<\/li><\/ul>\t\t\t\t<\/div>\r\n\t\t\t\t\t\t\t\t<\/div>\t\t\t\r\n\t\t\t<\/div>\n\t\t\t\t<\/div>\n\t\t\t\t<div class=\"elementor-element elementor-element-17ff6bbe elementor-widget__width-initial elementor-widget-mobile__width-inherit rt-default-class elementor-widget elementor-widget-react-heading\" data-id=\"17ff6bbe\" data-element_type=\"widget\" data-widget_type=\"react-heading.default\">\n\t\t\t\t<div class=\"elementor-widget-container\">\n\t\t\t\t\t<div class=\"animation-style1 react-heading default\">\r\n\t\t\t<div class=\"title-inner\">\r\n\t\t\t\t<div class=\"style1\"><h4 class=\"title word-line\">Ce que ce parcours va vous apporter<\/h4><\/div>\t\t\t<\/div>\r\n\t\t\t\r\n\t\t\t\t\t\t\t<div class=\"description style1 \">\r\n\t\t\t\t\t<ul><li>Un endormissement plus facile et plus rapide<\/li><li>Une meilleure qualit\u00e9 de sommeil<\/li><li>Des techniques de retour au calme en cas de r\u00e9veils nocturnes<\/li><li>Une routine simple et naturelle pour favoriser un sommeil durable<\/li><\/ul>\t\t\t\t<\/div>\r\n\t\t\t\t\t\t\t\t<\/div>\t\t\t\r\n\t\t\t<\/div>\n\t\t\t\t<\/div>\n\t\t\t\t<div class=\"elementor-element elementor-element-6ddc1fb elementor-widget__width-initial elementor-widget-mobile__width-inherit rt-default-class elementor-widget elementor-widget-react-heading\" data-id=\"6ddc1fb\" data-element_type=\"widget\" data-widget_type=\"react-heading.default\">\n\t\t\t\t<div class=\"elementor-widget-container\">\n\t\t\t\t\t<div class=\"animation-style1 react-heading default\">\r\n\t\t\t<div class=\"title-inner\">\r\n\t\t\t\t<div class=\"style1\"><h4 class=\"title word-line\">Ce que comprend ce parcours<\/h4><\/div>\t\t\t<\/div>\r\n\t\t\t\r\n\t\t\t\t\t\t\t<div class=\"description style1 \">\r\n\t\t\t\t\t<ul><li>4 s\u00e9ances individuelles<\/li><li>Relaxation, respiration, visualisation d\u2019endormissement<\/li><li>Supports \u00e0 emporter : PDF Routine du soir + audio S\u2019endormir paisiblement<\/li><li>Rythme : 1 s\u00e9ance tous les 7 \u00e0 10 jours<\/li><li>En pr\u00e9sentiel ou en visio<\/li><\/ul>\t\t\t\t<\/div>\r\n\t\t\t\t\t\t\t\t<\/div>\t\t\t\r\n\t\t\t<\/div>\n\t\t\t\t<\/div>\n\t\t\t\t\t<\/div>\n\t\t\t\t<\/div>\n\t\t<div class=\"elementor-element elementor-element-3b9f6baf e-flex e-con-boxed rt-default-class e-con e-parent\" data-id=\"3b9f6baf\" data-element_type=\"container\">\n\t\t\t\t\t<div class=\"e-con-inner\">\n\t\t\t\t\t<\/div>\n\t\t\t\t<\/div>\n\t\t\t\t<\/div>\n\t\t","protected":false},"excerpt":{"rendered":"<p>Mes services Des nuits plus sereines, naturellement Pour un endormissement plus facile, moins de r\u00e9veils nocturnes et uneroutine apaisante 220\u20ac les 4 s\u00e9ances Pour qui ? Ce parcours est fait pour vous si : vous avez des difficult\u00e9s \u00e0 vous endormir ou \u00e0 rester endormi.e vous vous r\u00e9veillez fatigu\u00e9.e, avec un sommeil peu r\u00e9cup\u00e9rateur votre&#8230;<\/p>\n","protected":false},"author":1,"featured_media":0,"parent":0,"menu_order":0,"comment_status":"closed","ping_status":"closed","template":"elementor_header_footer","meta":{"footnotes":""},"class_list":["post-1277","page","type-page","status-publish","hentry"],"aioseo_notices":[],"_links":{"self":[{"href":"https:\/\/brest-sophrologue.fr\/index.php\/wp-json\/wp\/v2\/pages\/1277","targetHints":{"allow":["GET"]}}],"collection":[{"href":"https:\/\/brest-sophrologue.fr\/index.php\/wp-json\/wp\/v2\/pages"}],"about":[{"href":"https:\/\/brest-sophrologue.fr\/index.php\/wp-json\/wp\/v2\/types\/page"}],"author":[{"embeddable":true,"href":"https:\/\/brest-sophrologue.fr\/index.php\/wp-json\/wp\/v2\/users\/1"}],"replies":[{"embeddable":true,"href":"https:\/\/brest-sophrologue.fr\/index.php\/wp-json\/wp\/v2\/comments?post=1277"}],"version-history":[{"count":17,"href":"https:\/\/brest-sophrologue.fr\/index.php\/wp-json\/wp\/v2\/pages\/1277\/revisions"}],"predecessor-version":[{"id":3461,"href":"https:\/\/brest-sophrologue.fr\/index.php\/wp-json\/wp\/v2\/pages\/1277\/revisions\/3461"}],"wp:attachment":[{"href":"https:\/\/brest-sophrologue.fr\/index.php\/wp-json\/wp\/v2\/media?parent=1277"}],"curies":[{"name":"wp","href":"https:\/\/api.w.org\/{rel}","templated":true}]}}