{"id":1703,"date":"2024-07-03T09:38:10","date_gmt":"2024-07-03T09:38:10","guid":{"rendered":"http:\/\/192.168.0.235:10004\/?page_id=1703"},"modified":"2025-08-31T10:26:48","modified_gmt":"2025-08-31T08:26:48","slug":"services-style-2","status":"publish","type":"page","link":"https:\/\/brest-sophrologue.fr\/index.php\/services-style-2\/","title":{"rendered":"Accompagnements"},"content":{"rendered":"\t\t<div data-elementor-type=\"wp-page\" data-elementor-id=\"1703\" class=\"elementor elementor-1703\">\n\t\t\t\t<div class=\"elementor-element elementor-element-a383540 e-flex e-con-boxed rt-default-class e-con e-parent\" data-id=\"a383540\" data-element_type=\"container\">\n\t\t\t\t\t<div class=\"e-con-inner\">\n\t\t<div class=\"elementor-element elementor-element-70c9612 e-con-full e-flex rt-default-class e-con e-child\" data-id=\"70c9612\" data-element_type=\"container\">\n\t\t\t\t<\/div>\n\t\t<div class=\"elementor-element elementor-element-4753377 e-con-full e-flex rt-default-class e-con e-child\" data-id=\"4753377\" data-element_type=\"container\">\n\t\t\t\t<div class=\"elementor-element elementor-element-9a562d8 elementor-widget__width-initial rt-default-class elementor-widget elementor-widget-react-heading\" data-id=\"9a562d8\" data-element_type=\"widget\" data-widget_type=\"react-heading.default\">\n\t\t\t\t<div class=\"elementor-widget-container\">\n\t\t\t\t\t<div class=\"animation-wow fadeInUp react-heading default\">\r\n\t\t\t<div class=\"title-inner\">\r\n\t\t\t\t<span class=\"custom sub-text subtitle wow fadeInUp\">Mes services<\/span><div class=\"wow fadeInUp\"><h2 class=\"title word-line\">Accompagnements courts et cibl\u00e9s<\/h2><\/div>\t\t\t<\/div>\r\n\t\t\t\r\n\t\t\t\t\t\t\t<div class=\"description wow fadeInUp \">\r\n\t\t\t\t\t<p data-start=\"245\" data-end=\"381\">Parce que vous avez d\u00e9j\u00e0 en vous toutes les ressources n\u00e9cessaires, mon r\u00f4le est de vous aider \u00e0 les activer simplement et rapidement.<br \/>Je propose des parcours th\u00e9matiques de <strong data-start=\"422\" data-end=\"439\">3 \u00e0 6 s\u00e9ances<\/strong>, pour r\u00e9pondre \u00e0 des besoins concrets : mieux dormir, g\u00e9rer le stress, retrouver confiance en soi, apaiser le quotidien familial\u2026<br \/>Chaque parcours est pens\u00e9 comme une <strong data-start=\"609\" data-end=\"636\">bulle de transformation<\/strong>, courte mais intense, qui vous donne des outils concrets d\u00e8s la premi\u00e8re s\u00e9ance pour avancer en autonomie.<br \/>Mon approche reste douce, bienveillante et respectueuse de votre rythme.<\/p>\t\t\t\t<\/div>\r\n\t\t\t\t\t\t\t\t<\/div>\t\t\t\r\n\t\t\t<\/div>\n\t\t\t\t<\/div>\n\t\t\t\t<\/div>\n\t\t<div class=\"elementor-element elementor-element-fcfa038 e-con-full e-flex rt-default-class e-con e-child\" data-id=\"fcfa038\" data-element_type=\"container\">\n\t\t<div class=\"elementor-element elementor-element-87cda1a e-con-full e-flex rt-default-class e-con e-child\" data-id=\"87cda1a\" data-element_type=\"container\">\n\t\t\t\t<div class=\"elementor-element elementor-element-b78e6f9 rt-default-class elementor-widget elementor-widget-rt-service-grid\" data-id=\"b78e6f9\" data-element_type=\"widget\" data-widget_type=\"rt-service-grid.default\">\n\t\t\t\t<div class=\"elementor-widget-container\">\n\t\t\t\t\t\r\n\t\t<div class=\"service-area style1 style_one\"  >  \r\n\t<div class=\"service-item rounded-20px\">\r\n\t\t<div class=\"relative\">\r\n\t\t<a href=\"https:\/\/themewant.com\/products\/wordpress\/mindthera\/individual-therapy\/\" class=\"d-block hover mb-3\">\r\n\t\t\t<div class=\"relative overflow-hidden rounded-20px shadow-soft\">\t\t\t\r\n\t\t\t\t\t\t\t\t\t\t\t\t\t<div class=\"absolute start-0 w-100 abs-middle fs-36 text-white text-center\">\r\n\t\t\t\t\t\t<span class=\"btn-main hover-scale-in-2\">En savoir plus<\/span>\r\n\t\t\t\t\t<\/div>\r\n\t\t\t\t\t\t\t\t\t\t\t\t\t<img decoding=\"async\" class=\"img-fluid hover-scale-1-2\"  src=\"http:\/\/brest-sophrologue.fr\/wp-content\/uploads\/2025\/08\/Serenite.png\" alt=\"\"\/>\r\n\t\t\t\t\t\t\t<\/div>\r\n\t\t<\/a>\r\n\t\t\r\n\t<\/div>\t\r\n\t\t<h4>Parcours S\u00e9r\u00e9nit\u00e9 \u2013 Retrouvez enfin votre calme int\u00e9rieur<\/h4>\r\n\t\t\t\t\t\t<p class=\"disc no-bottom\">Vous vous sentez tendu.e, \u00e0 fleur de peau ? Ce parcours vous aide \u00e0 rel\u00e2cher\nles tensions et \u00e0 retrouver un apaisement durable\n\n<\/p>\r\n\t\t\t\r\n    <\/div>\t\t\r\n<\/div>\t\t<\/div>\n\t\t\t\t<\/div>\n\t\t\t\t<\/div>\n\t\t<div class=\"elementor-element elementor-element-814d616 e-con-full e-flex rt-default-class e-con e-child\" data-id=\"814d616\" data-element_type=\"container\">\n\t\t\t\t<div class=\"elementor-element elementor-element-f533f12 rt-default-class elementor-widget elementor-widget-rt-service-grid\" data-id=\"f533f12\" data-element_type=\"widget\" data-widget_type=\"rt-service-grid.default\">\n\t\t\t\t<div class=\"elementor-widget-container\">\n\t\t\t\t\t\r\n\t\t<div class=\"service-area style1 style_one\"  >  \r\n\t<div class=\"service-item rounded-20px\">\r\n\t\t<div class=\"relative\">\r\n\t\t<a href=\"https:\/\/themewant.com\/products\/wordpress\/mindthera\/individual-therapy\/\" class=\"d-block hover mb-3\">\r\n\t\t\t<div class=\"relative overflow-hidden rounded-20px shadow-soft\">\t\t\t\r\n\t\t\t\t\t\t\t\t\t\t\t\t\t<div class=\"absolute start-0 w-100 abs-middle fs-36 text-white text-center\">\r\n\t\t\t\t\t\t<span class=\"btn-main hover-scale-in-2\">En savoir plus<\/span>\r\n\t\t\t\t\t<\/div>\r\n\t\t\t\t\t\t\t\t\t\t\t\t\t<img decoding=\"async\" class=\"img-fluid hover-scale-1-2\"  src=\"http:\/\/brest-sophrologue.fr\/wp-content\/uploads\/2025\/08\/Parcours-Concentration-Positive-2.png\" alt=\"\"\/>\r\n\t\t\t\t\t\t\t<\/div>\r\n\t\t<\/a>\r\n\t\t\r\n\t<\/div>\t\r\n\t\t<h4>Parcours Concentration positive \u2013 Se poser, se recentrer, vivre l'instant pr\u00e9sent<\/h4>\r\n\t\t\t\t\t\t<p class=\"disc no-bottom\">Id\u00e9al en p\u00e9riode d\u2019examens ou quand le mental s\u2019\u00e9parpille : retrouvez\n        clart\u00e9 et stabilit\u00e9 int\u00e9rieure\n\n<\/p>\r\n\t\t\t\r\n    <\/div>\t\t\r\n<\/div>\t\t<\/div>\n\t\t\t\t<\/div>\n\t\t\t\t<\/div>\n\t\t<div class=\"elementor-element elementor-element-b7a3466 e-con-full e-flex rt-default-class e-con e-child\" data-id=\"b7a3466\" data-element_type=\"container\">\n\t\t\t\t<div class=\"elementor-element elementor-element-2805953 rt-default-class elementor-widget elementor-widget-rt-service-grid\" data-id=\"2805953\" data-element_type=\"widget\" data-widget_type=\"rt-service-grid.default\">\n\t\t\t\t<div class=\"elementor-widget-container\">\n\t\t\t\t\t\r\n\t\t<div class=\"service-area style1 style_one\"  >  \r\n\t<div class=\"service-item rounded-20px\">\r\n\t\t<div class=\"relative\">\r\n\t\t<a href=\"https:\/\/themewant.com\/products\/wordpress\/mindthera\/career-counseling\/\" class=\"d-block hover mb-3\">\r\n\t\t\t<div class=\"relative overflow-hidden rounded-20px shadow-soft\">\t\t\t\r\n\t\t\t\t\t\t\t\t\t\t\t\t\t<div class=\"absolute start-0 w-100 abs-middle fs-36 text-white text-center\">\r\n\t\t\t\t\t\t<span class=\"btn-main hover-scale-in-2\">En savoir plus<\/span>\r\n\t\t\t\t\t<\/div>\r\n\t\t\t\t\t\t\t\t\t\t\t\t\t<img decoding=\"async\" class=\"img-fluid hover-scale-1-2\"  src=\"http:\/\/brest-sophrologue.fr\/wp-content\/uploads\/2025\/04\/Parcours-Sommeil-reparateur.png\" alt=\"\"\/>\r\n\t\t\t\t\t\t\t<\/div>\r\n\t\t<\/a>\r\n\t\t\r\n\t<\/div>\t\r\n\t\t<h4>Parcours Sommeil r\u00e9parateur \u2013 Retrouvez des nuits sereines, naturellement<\/h4>\r\n\t\t\t\t\t\t<p class=\"disc no-bottom\">Pour un endormissement plus facile, moins de r\u00e9veils nocturnes et une\nroutine apaisante<\/p>\r\n\t\t\t\r\n    <\/div>\t\t\r\n<\/div>\t\t<\/div>\n\t\t\t\t<\/div>\n\t\t\t\t<\/div>\n\t\t<div class=\"elementor-element elementor-element-3e3031a e-con-full e-flex rt-default-class e-con e-child\" data-id=\"3e3031a\" data-element_type=\"container\">\n\t\t\t\t<div class=\"elementor-element elementor-element-8c80e4f rt-default-class elementor-widget elementor-widget-rt-service-grid\" data-id=\"8c80e4f\" data-element_type=\"widget\" data-widget_type=\"rt-service-grid.default\">\n\t\t\t\t<div class=\"elementor-widget-container\">\n\t\t\t\t\t\r\n\t\t<div class=\"service-area style1 style_one\"  >  \r\n\t<div class=\"service-item rounded-20px\">\r\n\t\t<div class=\"relative\">\r\n\t\t<a href=\"https:\/\/themewant.com\/products\/wordpress\/mindthera\/stress-management\/\" class=\"d-block hover mb-3\">\r\n\t\t\t<div class=\"relative overflow-hidden rounded-20px shadow-soft\">\t\t\t\r\n\t\t\t\t\t\t\t\t\t\t\t\t\t<div class=\"absolute start-0 w-100 abs-middle fs-36 text-white text-center\">\r\n\t\t\t\t\t\t<span class=\"btn-main hover-scale-in-2\">En savoir plus<\/span>\r\n\t\t\t\t\t<\/div>\r\n\t\t\t\t\t\t\t\t\t\t\t\t\t<img decoding=\"async\" class=\"img-fluid hover-scale-1-2\"  src=\"http:\/\/brest-sophrologue.fr\/wp-content\/uploads\/2025\/04\/Copie-de-Parcours-Confiance-en-soi.png\" alt=\"\"\/>\r\n\t\t\t\t\t\t\t<\/div>\r\n\t\t<\/a>\r\n\t\t\r\n\t<\/div>\t\r\n\t\t<h4>Parcours Confiance en soi \u2013 Osez vous affirmer, tout simplement<\/h4>\r\n\t\t\t\t\t\t<p class=\"disc no-bottom\">Un accompagnement pour retrouver votre juste place, oser dire non et\nrenforcer l\u2019estime de soi<\/p>\r\n\t\t\t\r\n    <\/div>\t\t\r\n<\/div>\t\t<\/div>\n\t\t\t\t<\/div>\n\t\t\t\t<\/div>\n\t\t<div class=\"elementor-element elementor-element-2d668f3 e-con-full e-flex rt-default-class e-con e-child\" data-id=\"2d668f3\" data-element_type=\"container\">\n\t\t\t\t<div class=\"elementor-element elementor-element-488c95d rt-default-class elementor-widget elementor-widget-rt-service-grid\" data-id=\"488c95d\" data-element_type=\"widget\" data-widget_type=\"rt-service-grid.default\">\n\t\t\t\t<div class=\"elementor-widget-container\">\n\t\t\t\t\t\r\n\t\t<div class=\"service-area style1 style_one\"  >  \r\n\t<div class=\"service-item rounded-20px\">\r\n\t\t<div class=\"relative\">\r\n\t\t<a href=\"https:\/\/themewant.com\/products\/wordpress\/mindthera\/anxiety-treatment\/\" class=\"d-block hover mb-3\">\r\n\t\t\t<div class=\"relative overflow-hidden rounded-20px shadow-soft\">\t\t\t\r\n\t\t\t\t\t\t\t\t\t\t\t\t\t<div class=\"absolute start-0 w-100 abs-middle fs-36 text-white text-center\">\r\n\t\t\t\t\t\t<span class=\"btn-main hover-scale-in-2\">En savoir plus<\/span>\r\n\t\t\t\t\t<\/div>\r\n\t\t\t\t\t\t\t\t\t\t\t\t\t<img decoding=\"async\" class=\"img-fluid hover-scale-1-2\"  src=\"http:\/\/brest-sophrologue.fr\/wp-content\/uploads\/2025\/04\/Parcours-Liberation-du-stress.png\" alt=\"\"\/>\r\n\t\t\t\t\t\t\t<\/div>\r\n\t\t<\/a>\r\n\t\t\r\n\t<\/div>\t\r\n\t\t<h4> Parcours Lib\u00e9ration du stress \u2013 Respirez. Rel\u00e2chez. Revivez.<\/h4>\r\n\t\t\t\t\t\t<p class=\"disc no-bottom\">Un parcours court pour rel\u00e2cher la pression et retrouver une respiration\nplus libre<\/p>\r\n\t\t\t\r\n    <\/div>\t\t\r\n<\/div>\t\t<\/div>\n\t\t\t\t<\/div>\n\t\t\t\t<\/div>\n\t\t<div class=\"elementor-element elementor-element-8b7555d e-con-full e-flex rt-default-class e-con e-child\" data-id=\"8b7555d\" data-element_type=\"container\">\n\t\t\t\t<div class=\"elementor-element elementor-element-d7feac2 rt-default-class elementor-widget elementor-widget-rt-service-grid\" data-id=\"d7feac2\" data-element_type=\"widget\" data-widget_type=\"rt-service-grid.default\">\n\t\t\t\t<div class=\"elementor-widget-container\">\n\t\t\t\t\t\r\n\t\t<div class=\"service-area style1 style_one\"  >  \r\n\t<div class=\"service-item rounded-20px\">\r\n\t\t<div class=\"relative\">\r\n\t\t<a href=\"https:\/\/themewant.com\/products\/wordpress\/mindthera\/depression-therapy\/\" class=\"d-block hover mb-3\">\r\n\t\t\t<div class=\"relative overflow-hidden rounded-20px shadow-soft\">\t\t\t\r\n\t\t\t\t\t\t\t\t\t\t\t\t\t<div class=\"absolute start-0 w-100 abs-middle fs-36 text-white text-center\">\r\n\t\t\t\t\t\t<span class=\"btn-main hover-scale-in-2\">En savoir plus<\/span>\r\n\t\t\t\t\t<\/div>\r\n\t\t\t\t\t\t\t\t\t\t\t\t\t<img decoding=\"async\" class=\"img-fluid hover-scale-1-2\"  src=\"http:\/\/brest-sophrologue.fr\/wp-content\/uploads\/2025\/04\/Parcours-Parents-Zen.png\" alt=\"\"\/>\r\n\t\t\t\t\t\t\t<\/div>\r\n\t\t<\/a>\r\n\t\t\r\n\t<\/div>\t\r\n\t\t<h4>Parcours Parents Zen \u2013 Apaiser son quotidien, retrouver du lien<\/h4>\r\n\t\t\t\t\t\t<p class=\"disc no-bottom\">Ce parcours vous permet de revenir \u00e0 plus de douceur dans la relation avec vos enfants<\/p>\r\n\t\t\t\r\n    <\/div>\t\t\r\n<\/div>\t\t<\/div>\n\t\t\t\t<\/div>\n\t\t\t\t<\/div>\n\t\t\t\t<\/div>\n\t\t\t\t\t<\/div>\n\t\t\t\t<\/div>\n\t\t<div class=\"elementor-element elementor-element-269a635 e-flex e-con-boxed rt-default-class e-con e-parent\" data-id=\"269a635\" data-element_type=\"container\">\n\t\t\t\t\t<div class=\"e-con-inner\">\n\t\t<div class=\"elementor-element elementor-element-43feb8c e-con-full e-flex rt-default-class e-con e-child\" data-id=\"43feb8c\" data-element_type=\"container\">\n\t\t\t\t<div class=\"elementor-element elementor-element-55e206d rt-default-class elementor-widget elementor-widget-text-editor\" data-id=\"55e206d\" data-element_type=\"widget\" data-widget_type=\"text-editor.default\">\n\t\t\t\t<div class=\"elementor-widget-container\">\n\t\t\t\t\t\t\t<h3><strong>Accompagnements classiques sur 8 \u00e0 10 s\u00e9ances<\/strong><\/h3><p class=\"\" data-start=\"337\" data-end=\"743\">Ces s\u00e9ances sont particuli\u00e8rement adapt\u00e9es si vous avez un\u00a0<strong>objectif sp\u00e9cifique qui n\u00e9cessite un travail plus approfondi et progressif<\/strong>. Vous avez ainsi la possibilit\u00e9 de choisir un accompagnement plus long pour r\u00e9pondre \u00e0 des besoins diff\u00e9rents de ceux abord\u00e9s dans les parcours th\u00e9matiques.<\/p><p class=\"\" data-start=\"745\" data-end=\"1039\">Quel que soit le format choisi, chaque accompagnement est personnalis\u00e9 et vous b\u00e9n\u00e9ficiez d\u2019un suivi attentif pour vous aider \u00e0 atteindre vos objectifs, que ce soit \u00e0 travers un parcours court ou plus long. L\u2019important est que chaque s\u00e9ance soit en ad\u00e9quation avec vos attentes et votre rythme.<\/p>\t\t\t\t\t\t<\/div>\n\t\t\t\t<\/div>\n\t\t\t\t<div class=\"elementor-element elementor-element-d575fed rt-default-class elementor-widget elementor-widget-image\" data-id=\"d575fed\" data-element_type=\"widget\" data-widget_type=\"image.default\">\n\t\t\t\t<div class=\"elementor-widget-container\">\n\t\t\t\t\t\t\t\t\t\t\t\t\t<img fetchpriority=\"high\" decoding=\"async\" width=\"640\" height=\"960\" src=\"https:\/\/brest-sophrologue.fr\/wp-content\/uploads\/2025\/08\/DSC04479-2-683x1024.jpg\" class=\"attachment-large size-large wp-image-2969\" alt=\"\" srcset=\"https:\/\/brest-sophrologue.fr\/wp-content\/uploads\/2025\/08\/DSC04479-2-683x1024.jpg 683w, https:\/\/brest-sophrologue.fr\/wp-content\/uploads\/2025\/08\/DSC04479-2-200x300.jpg 200w, https:\/\/brest-sophrologue.fr\/wp-content\/uploads\/2025\/08\/DSC04479-2-768x1152.jpg 768w, https:\/\/brest-sophrologue.fr\/wp-content\/uploads\/2025\/08\/DSC04479-2-1024x1536.jpg 1024w, https:\/\/brest-sophrologue.fr\/wp-content\/uploads\/2025\/08\/DSC04479-2-1365x2048.jpg 1365w, https:\/\/brest-sophrologue.fr\/wp-content\/uploads\/2025\/08\/DSC04479-2-scaled.jpg 1707w\" sizes=\"(max-width: 640px) 100vw, 640px\" \/>\t\t\t\t\t\t\t\t\t\t\t\t\t<\/div>\n\t\t\t\t<\/div>\n\t\t\t\t<\/div>\n\t\t<div class=\"elementor-element elementor-element-fb77ceb e-con-full e-flex rt-default-class e-con e-child\" data-id=\"fb77ceb\" data-element_type=\"container\">\n\t\t\t\t<div class=\"elementor-element elementor-element-2071ac8 rt-default-class elementor-widget elementor-widget-text-editor\" data-id=\"2071ac8\" data-element_type=\"widget\" data-widget_type=\"text-editor.default\">\n\t\t\t\t<div class=\"elementor-widget-container\">\n\t\t\t\t\t\t\t<h3><strong>Accompagnement en groupe : votre rendez-vous bien-\u00eatre hebdomadaire<\/strong><\/h3><p>Je propose des s\u00e9ances collectives en petits groupes, pour souffler, rel\u00e2cher les tensions et vous reconnecter \u00e0 vous-m\u00eame, dans un cadre simple et bienveillant.<\/p><p><strong>S\u00e9ance d\u00e9couverte offerte :<\/strong><\/p><ul><li><strong>Lundi 8 septembre 2025 \u00e0 17h30<\/strong><\/li><li><strong>Mardi 9 septembre 2025 \u00e0 12h00<\/strong><\/li><\/ul>\t\t\t\t\t\t<\/div>\n\t\t\t\t<\/div>\n\t\t\t\t<div class=\"elementor-element elementor-element-f1337ac rt-default-class elementor-widget elementor-widget-image\" data-id=\"f1337ac\" data-element_type=\"widget\" data-widget_type=\"image.default\">\n\t\t\t\t<div class=\"elementor-widget-container\">\n\t\t\t\t\t\t\t\t\t\t\t\t\t<img decoding=\"async\" width=\"640\" height=\"853\" src=\"https:\/\/brest-sophrologue.fr\/wp-content\/uploads\/2025\/08\/WhatsApp-Image-2025-07-04-at-13.44.45-1.jpeg\" class=\"attachment-large size-large wp-image-2971\" alt=\"\" srcset=\"https:\/\/brest-sophrologue.fr\/wp-content\/uploads\/2025\/08\/WhatsApp-Image-2025-07-04-at-13.44.45-1.jpeg 768w, https:\/\/brest-sophrologue.fr\/wp-content\/uploads\/2025\/08\/WhatsApp-Image-2025-07-04-at-13.44.45-1-225x300.jpeg 225w\" sizes=\"(max-width: 640px) 100vw, 640px\" \/>\t\t\t\t\t\t\t\t\t\t\t\t\t<\/div>\n\t\t\t\t<\/div>\n\t\t\t\t<\/div>\n\t\t\t\t\t<\/div>\n\t\t\t\t<\/div>\n\t\t\t\t<\/div>\n\t\t","protected":false},"excerpt":{"rendered":"<p>Mes services Accompagnements courts et cibl\u00e9s Parce que vous avez d\u00e9j\u00e0 en vous toutes les ressources n\u00e9cessaires, mon r\u00f4le est de vous aider \u00e0 les activer simplement et rapidement.Je propose des parcours th\u00e9matiques de 3 \u00e0 6 s\u00e9ances, pour r\u00e9pondre \u00e0 des besoins concrets : mieux dormir, g\u00e9rer le stress, retrouver confiance en soi, apaiser&#8230;<\/p>\n","protected":false},"author":1,"featured_media":0,"parent":0,"menu_order":0,"comment_status":"closed","ping_status":"closed","template":"elementor_header_footer","meta":{"footnotes":""},"class_list":["post-1703","page","type-page","status-publish","hentry"],"aioseo_notices":[],"_links":{"self":[{"href":"https:\/\/brest-sophrologue.fr\/index.php\/wp-json\/wp\/v2\/pages\/1703","targetHints":{"allow":["GET"]}}],"collection":[{"href":"https:\/\/brest-sophrologue.fr\/index.php\/wp-json\/wp\/v2\/pages"}],"about":[{"href":"https:\/\/brest-sophrologue.fr\/index.php\/wp-json\/wp\/v2\/types\/page"}],"author":[{"embeddable":true,"href":"https:\/\/brest-sophrologue.fr\/index.php\/wp-json\/wp\/v2\/users\/1"}],"replies":[{"embeddable":true,"href":"https:\/\/brest-sophrologue.fr\/index.php\/wp-json\/wp\/v2\/comments?post=1703"}],"version-history":[{"count":53,"href":"https:\/\/brest-sophrologue.fr\/index.php\/wp-json\/wp\/v2\/pages\/1703\/revisions"}],"predecessor-version":[{"id":3436,"href":"https:\/\/brest-sophrologue.fr\/index.php\/wp-json\/wp\/v2\/pages\/1703\/revisions\/3436"}],"wp:attachment":[{"href":"https:\/\/brest-sophrologue.fr\/index.php\/wp-json\/wp\/v2\/media?parent=1703"}],"curies":[{"name":"wp","href":"https:\/\/api.w.org\/{rel}","templated":true}]}}