{"id":2374,"date":"2025-08-31T10:00:02","date_gmt":"2025-08-31T08:00:02","guid":{"rendered":"https:\/\/brest-sophrologue.fr\/?page_id=2374"},"modified":"2025-08-31T10:02:49","modified_gmt":"2025-08-31T08:02:49","slug":"accompagnements-classiques-sur-8-a-10-seances","status":"publish","type":"page","link":"https:\/\/brest-sophrologue.fr\/index.php\/accompagnements-classiques-sur-8-a-10-seances\/","title":{"rendered":"Accompagnements classiques sur 8 \u00e0 10 s\u00e9ances"},"content":{"rendered":"\t\t<div data-elementor-type=\"wp-page\" data-elementor-id=\"2374\" class=\"elementor elementor-2374\">\n\t\t\t\t<div class=\"elementor-element elementor-element-c209dd9 e-flex e-con-boxed rt-default-class e-con e-parent\" data-id=\"c209dd9\" data-element_type=\"container\">\n\t\t\t\t\t<div class=\"e-con-inner\">\n\t\t<div class=\"elementor-element elementor-element-1be2fce e-con-full e-flex rt-default-class e-con e-child\" data-id=\"1be2fce\" data-element_type=\"container\">\n\t\t\t\t<div class=\"elementor-element elementor-element-2d2f757 rt-default-class elementor-widget elementor-widget-text-editor\" data-id=\"2d2f757\" data-element_type=\"widget\" data-widget_type=\"text-editor.default\">\n\t\t\t\t<div class=\"elementor-widget-container\">\n\t\t\t\t\t\t\t<p class=\"\" data-start=\"337\" data-end=\"743\">Ces s\u00e9ances sont particuli\u00e8rement adapt\u00e9es si vous avez un\u00a0<strong>objectif sp\u00e9cifique qui n\u00e9cessite un travail plus approfondi et progressif<\/strong>. Vous avez ainsi la possibilit\u00e9 de choisir un accompagnement plus long pour r\u00e9pondre \u00e0 des besoins diff\u00e9rents de ceux abord\u00e9s dans les parcours th\u00e9matiques.<\/p><p class=\"\" data-start=\"745\" data-end=\"1039\">Quel que soit le format choisi, chaque accompagnement est personnalis\u00e9 et vous b\u00e9n\u00e9ficiez d\u2019un suivi attentif pour vous aider \u00e0 atteindre vos objectifs, que ce soit \u00e0 travers un parcours court ou plus long. L\u2019important est que chaque s\u00e9ance soit en ad\u00e9quation avec vos attentes et votre rythme.<\/p>\t\t\t\t\t\t<\/div>\n\t\t\t\t<\/div>\n\t\t\t\t<\/div>\n\t\t<div class=\"elementor-element elementor-element-fccf2a4 e-con-full e-flex rt-default-class e-con e-child\" data-id=\"fccf2a4\" data-element_type=\"container\">\n\t\t\t\t<div class=\"elementor-element elementor-element-8810198 rt-default-class elementor-widget elementor-widget-image\" data-id=\"8810198\" data-element_type=\"widget\" data-widget_type=\"image.default\">\n\t\t\t\t<div class=\"elementor-widget-container\">\n\t\t\t\t\t\t\t\t\t\t\t\t\t<img fetchpriority=\"high\" decoding=\"async\" width=\"640\" height=\"960\" src=\"https:\/\/brest-sophrologue.fr\/wp-content\/uploads\/2025\/08\/DSC04479-2-683x1024.jpg\" class=\"attachment-large size-large wp-image-2969\" alt=\"\" srcset=\"https:\/\/brest-sophrologue.fr\/wp-content\/uploads\/2025\/08\/DSC04479-2-683x1024.jpg 683w, https:\/\/brest-sophrologue.fr\/wp-content\/uploads\/2025\/08\/DSC04479-2-200x300.jpg 200w, https:\/\/brest-sophrologue.fr\/wp-content\/uploads\/2025\/08\/DSC04479-2-768x1152.jpg 768w, https:\/\/brest-sophrologue.fr\/wp-content\/uploads\/2025\/08\/DSC04479-2-1024x1536.jpg 1024w, https:\/\/brest-sophrologue.fr\/wp-content\/uploads\/2025\/08\/DSC04479-2-1365x2048.jpg 1365w, https:\/\/brest-sophrologue.fr\/wp-content\/uploads\/2025\/08\/DSC04479-2-scaled.jpg 1707w\" sizes=\"(max-width: 640px) 100vw, 640px\" \/>\t\t\t\t\t\t\t\t\t\t\t\t\t<\/div>\n\t\t\t\t<\/div>\n\t\t\t\t<\/div>\n\t\t\t\t\t<\/div>\n\t\t\t\t<\/div>\n\t\t\t\t<\/div>\n\t\t","protected":false},"excerpt":{"rendered":"<p>Ces s\u00e9ances sont particuli\u00e8rement adapt\u00e9es si vous avez un\u00a0objectif sp\u00e9cifique qui n\u00e9cessite un travail plus approfondi et progressif. Vous avez ainsi la possibilit\u00e9 de choisir un accompagnement plus long pour r\u00e9pondre \u00e0 des besoins diff\u00e9rents de ceux abord\u00e9s dans les parcours th\u00e9matiques. Quel que soit le format choisi, chaque accompagnement est personnalis\u00e9 et vous b\u00e9n\u00e9ficiez&#8230;<\/p>\n","protected":false},"author":1,"featured_media":0,"parent":0,"menu_order":0,"comment_status":"closed","ping_status":"closed","template":"","meta":{"footnotes":""},"class_list":["post-2374","page","type-page","status-publish","hentry"],"aioseo_notices":[],"_links":{"self":[{"href":"https:\/\/brest-sophrologue.fr\/index.php\/wp-json\/wp\/v2\/pages\/2374","targetHints":{"allow":["GET"]}}],"collection":[{"href":"https:\/\/brest-sophrologue.fr\/index.php\/wp-json\/wp\/v2\/pages"}],"about":[{"href":"https:\/\/brest-sophrologue.fr\/index.php\/wp-json\/wp\/v2\/types\/page"}],"author":[{"embeddable":true,"href":"https:\/\/brest-sophrologue.fr\/index.php\/wp-json\/wp\/v2\/users\/1"}],"replies":[{"embeddable":true,"href":"https:\/\/brest-sophrologue.fr\/index.php\/wp-json\/wp\/v2\/comments?post=2374"}],"version-history":[{"count":9,"href":"https:\/\/brest-sophrologue.fr\/index.php\/wp-json\/wp\/v2\/pages\/2374\/revisions"}],"predecessor-version":[{"id":3409,"href":"https:\/\/brest-sophrologue.fr\/index.php\/wp-json\/wp\/v2\/pages\/2374\/revisions\/3409"}],"wp:attachment":[{"href":"https:\/\/brest-sophrologue.fr\/index.php\/wp-json\/wp\/v2\/media?parent=2374"}],"curies":[{"name":"wp","href":"https:\/\/api.w.org\/{rel}","templated":true}]}}