{"id":2597,"date":"2025-08-31T10:19:54","date_gmt":"2025-08-31T08:19:54","guid":{"rendered":"https:\/\/brest-sophrologue.fr\/?page_id=2597"},"modified":"2025-09-10T21:07:29","modified_gmt":"2025-09-10T19:07:29","slug":"accompagnement-en-groupe-votre-rendez-vous-bien-etre-hebdomadaire","status":"publish","type":"page","link":"https:\/\/brest-sophrologue.fr\/index.php\/accompagnement-en-groupe-votre-rendez-vous-bien-etre-hebdomadaire\/","title":{"rendered":"Accompagnement en groupe : votre rendez-vous bien-\u00eatre hebdomadaire"},"content":{"rendered":"\t\t<div data-elementor-type=\"wp-page\" data-elementor-id=\"2597\" class=\"elementor elementor-2597\">\n\t\t\t\t<div class=\"elementor-element elementor-element-5d93589 e-flex e-con-boxed rt-default-class e-con e-parent\" data-id=\"5d93589\" data-element_type=\"container\">\n\t\t\t\t\t<div class=\"e-con-inner\">\n\t\t<div class=\"elementor-element elementor-element-805b682 e-con-full e-flex rt-default-class e-con e-child\" data-id=\"805b682\" data-element_type=\"container\">\n\t\t\t\t<div class=\"elementor-element elementor-element-d8f4ab5 rt-default-class elementor-widget elementor-widget-text-editor\" data-id=\"d8f4ab5\" data-element_type=\"widget\" data-widget_type=\"text-editor.default\">\n\t\t\t\t<div class=\"elementor-widget-container\">\n\t\t\t\t\t\t\t<p>Je propose des s\u00e9ances collectives en petits groupes, pour souffler, rel\u00e2cher les tensions et vous reconnecter \u00e0 vous-m\u00eame, dans un cadre simple et bienveillant.<\/p><p><strong>S\u00e9ance d\u00e9couverte offerte :<\/strong><\/p><ul><li><strong>Lundi 8 septembre 2025 \u00e0 17h30<\/strong><\/li><li><strong>Mardi 9 septembre 2025 \u00e0 12h00<\/strong><\/li><\/ul><p>Les s\u00e9ances se poursuivent sur l&#8217;ann\u00e9e, aux m\u00eames horaires, en dehors des vacances scolaires.<\/p>\t\t\t\t\t\t<\/div>\n\t\t\t\t<\/div>\n\t\t\t\t<\/div>\n\t\t<div class=\"elementor-element elementor-element-453fad3 e-con-full e-flex rt-default-class e-con e-child\" data-id=\"453fad3\" data-element_type=\"container\">\n\t\t\t\t<div class=\"elementor-element elementor-element-6713a45 rt-default-class elementor-widget elementor-widget-image\" data-id=\"6713a45\" data-element_type=\"widget\" data-widget_type=\"image.default\">\n\t\t\t\t<div class=\"elementor-widget-container\">\n\t\t\t\t\t\t\t\t\t\t\t\t\t<img fetchpriority=\"high\" decoding=\"async\" width=\"640\" height=\"480\" src=\"https:\/\/brest-sophrologue.fr\/wp-content\/uploads\/2025\/09\/WhatsApp-Image-2025-09-10-at-18.05.08-1024x768.jpeg\" class=\"attachment-large size-large wp-image-3497\" alt=\"\" srcset=\"https:\/\/brest-sophrologue.fr\/wp-content\/uploads\/2025\/09\/WhatsApp-Image-2025-09-10-at-18.05.08-1024x768.jpeg 1024w, https:\/\/brest-sophrologue.fr\/wp-content\/uploads\/2025\/09\/WhatsApp-Image-2025-09-10-at-18.05.08-300x225.jpeg 300w, https:\/\/brest-sophrologue.fr\/wp-content\/uploads\/2025\/09\/WhatsApp-Image-2025-09-10-at-18.05.08-768x576.jpeg 768w, https:\/\/brest-sophrologue.fr\/wp-content\/uploads\/2025\/09\/WhatsApp-Image-2025-09-10-at-18.05.08-1536x1152.jpeg 1536w, https:\/\/brest-sophrologue.fr\/wp-content\/uploads\/2025\/09\/WhatsApp-Image-2025-09-10-at-18.05.08.jpeg 2048w\" sizes=\"(max-width: 640px) 100vw, 640px\" \/>\t\t\t\t\t\t\t\t\t\t\t\t\t<\/div>\n\t\t\t\t<\/div>\n\t\t\t\t<\/div>\n\t\t\t\t\t<\/div>\n\t\t\t\t<\/div>\n\t\t\t\t<\/div>\n\t\t","protected":false},"excerpt":{"rendered":"<p>Je propose des s\u00e9ances collectives en petits groupes, pour souffler, rel\u00e2cher les tensions et vous reconnecter \u00e0 vous-m\u00eame, dans un cadre simple et bienveillant. S\u00e9ance d\u00e9couverte offerte : Lundi 8 septembre 2025 \u00e0 17h30 Mardi 9 septembre 2025 \u00e0 12h00 Les s\u00e9ances se poursuivent sur l&#8217;ann\u00e9e, aux m\u00eames horaires, en dehors des vacances scolaires.<\/p>\n","protected":false},"author":1,"featured_media":0,"parent":0,"menu_order":0,"comment_status":"closed","ping_status":"closed","template":"","meta":{"footnotes":""},"class_list":["post-2597","page","type-page","status-publish","hentry"],"aioseo_notices":[],"_links":{"self":[{"href":"https:\/\/brest-sophrologue.fr\/index.php\/wp-json\/wp\/v2\/pages\/2597","targetHints":{"allow":["GET"]}}],"collection":[{"href":"https:\/\/brest-sophrologue.fr\/index.php\/wp-json\/wp\/v2\/pages"}],"about":[{"href":"https:\/\/brest-sophrologue.fr\/index.php\/wp-json\/wp\/v2\/types\/page"}],"author":[{"embeddable":true,"href":"https:\/\/brest-sophrologue.fr\/index.php\/wp-json\/wp\/v2\/users\/1"}],"replies":[{"embeddable":true,"href":"https:\/\/brest-sophrologue.fr\/index.php\/wp-json\/wp\/v2\/comments?post=2597"}],"version-history":[{"count":10,"href":"https:\/\/brest-sophrologue.fr\/index.php\/wp-json\/wp\/v2\/pages\/2597\/revisions"}],"predecessor-version":[{"id":3504,"href":"https:\/\/brest-sophrologue.fr\/index.php\/wp-json\/wp\/v2\/pages\/2597\/revisions\/3504"}],"wp:attachment":[{"href":"https:\/\/brest-sophrologue.fr\/index.php\/wp-json\/wp\/v2\/media?parent=2597"}],"curies":[{"name":"wp","href":"https:\/\/api.w.org\/{rel}","templated":true}]}}