{"id":2621,"date":"2025-11-04T15:58:38","date_gmt":"2025-11-04T14:58:38","guid":{"rendered":"https:\/\/brest-sophrologue.fr\/?page_id=2621"},"modified":"2025-11-06T10:24:53","modified_gmt":"2025-11-06T09:24:53","slug":"mentions-legales","status":"publish","type":"page","link":"https:\/\/brest-sophrologue.fr\/index.php\/mentions-legales\/","title":{"rendered":"Mentions l\u00e9gales"},"content":{"rendered":"\t\t<div data-elementor-type=\"wp-page\" data-elementor-id=\"2621\" class=\"elementor elementor-2621\">\n\t\t\t\t<div class=\"elementor-element elementor-element-a549b7a e-flex e-con-boxed rt-default-class e-con e-parent\" data-id=\"a549b7a\" data-element_type=\"container\">\n\t\t\t\t\t<div class=\"e-con-inner\">\n\t\t\t\t<div class=\"elementor-element elementor-element-04b0f09 rt-default-class elementor-widget elementor-widget-text-editor\" data-id=\"04b0f09\" data-element_type=\"widget\" data-widget_type=\"text-editor.default\">\n\t\t\t\t<div class=\"elementor-widget-container\">\n\t\t\t\t\t\t\t<p><strong>Site brest-sophrologue.fr<\/strong><\/p><h2><strong>1. <\/strong><strong>\u00c9diteur du site<\/strong><\/h2><p>Le pr\u00e9sent site internet est \u00e9dit\u00e9 par :<br \/><strong>St\u00e9phanie Le Breton EI \u2013 Sophrologue certifi\u00e9e<\/strong><br \/>Accompagnements individuels et collectifs<\/p><p><strong>Adresse professionnelle<\/strong> :<br \/>Le Lieu des Possibles \u2013 23 bis rue Fran\u00e7ois Cordon, 29200 Brest<\/p><p><strong>Adresse e-mail<\/strong> : stephaniesophrologue@hotmail.com<br \/><strong>T\u00e9l\u00e9phone<\/strong> : 06 56 79 99 50<\/p><p><strong>Forme juridique<\/strong> : Entreprise Individuelle (EI)<br \/><strong>SIRET<\/strong> : 982 909 848 00029<br \/><strong>Ville d\u2019immatriculation<\/strong> : Brest<br \/><strong>Responsable de la publication<\/strong> : St\u00e9phanie Le Breton<\/p><h2><strong>2. H\u00e9bergeur du site<\/strong><\/h2><p>Le site <strong>brest-sophrologue.fr<\/strong> est h\u00e9berg\u00e9 par :<br \/><strong>OVH Cloud<\/strong><br \/>Si\u00e8ge social : 2 rue Kellermann, 59100 Roubaix \u2013 France<br \/>T\u00e9l\u00e9phone : 09 72 10 10 07<br \/>Site web : <a href=\"https:\/\/www.ovhcloud.com\">www.ovhcloud.com<\/a><\/p><h2><strong>3. Propri\u00e9t\u00e9 intellectuelle<\/strong><\/h2><p>L\u2019ensemble des \u00e9l\u00e9ments pr\u00e9sents sur le site (textes, photographies, logos, \u00e9l\u00e9ments graphiques, vid\u00e9os, etc.) est prot\u00e9g\u00e9 par le droit d\u2019auteur et la l\u00e9gislation sur la propri\u00e9t\u00e9 intellectuelle.<\/p><p>Les contenus et photographies sont la propri\u00e9t\u00e9 exclusive de <strong>St\u00e9phanie Le Breton<\/strong>, sauf mention contraire.<br \/>Certaines images sont utilis\u00e9es avec l\u2019autorisation du photographe <strong>Nokee.photos<\/strong>, dont les droits sont r\u00e9serv\u00e9s.<\/p><p>Toute reproduction, repr\u00e9sentation, modification, publication, transmission ou adaptation, totale ou partielle, de ces \u00e9l\u00e9ments \u2014 sur quelque support que ce soit \u2014 est interdite sans autorisation \u00e9crite pr\u00e9alable de leurs auteurs respectifs.<\/p><h2><strong>4. Objet du site<\/strong><\/h2><p>Le site <strong>brest-sophrologue.fr<\/strong> a pour objectif de pr\u00e9senter les activit\u00e9s professionnelles de <strong>St\u00e9phanie Le Breton<\/strong>, sophrologue certifi\u00e9e, ainsi que les accompagnements propos\u00e9s : s\u00e9ances individuelles, s\u00e9ances collectives et ateliers th\u00e9matiques.<\/p><p>Il permet \u00e9galement de faciliter la prise de contact et la r\u00e9servation de s\u00e9ances.<\/p><h2><strong>5. Responsabilit\u00e9<\/strong><\/h2><p>St\u00e9phanie Le Breton s\u2019efforce d\u2019assurer l\u2019exactitude et la mise \u00e0 jour des informations diffus\u00e9es sur le site.<br \/>Toutefois, elle ne saurait \u00eatre tenue responsable des omissions, inexactitudes ou carences dans la mise \u00e0 jour, qu\u2019elles soient de son fait ou de celui des tiers partenaires.<\/p><p>L\u2019utilisateur reconna\u00eet utiliser le site sous sa seule responsabilit\u00e9.<\/p><h2><strong>6. Liens hypertextes<\/strong><\/h2><p>Le site peut contenir des liens vers d\u2019autres sites internet.<br \/>St\u00e9phanie Le Breton ne peut \u00eatre tenue responsable du contenu, du fonctionnement ou des \u00e9ventuelles pratiques de collecte de donn\u00e9es de ces sites externes.<\/p><h2><strong>7. Acc\u00e8s au site<\/strong><\/h2><p>Le site est normalement accessible \u00e0 tout moment aux utilisateurs.<br \/>Une interruption pour maintenance technique peut toutefois \u00eatre d\u00e9cid\u00e9e par St\u00e9phanie Le Breton, qui s\u2019efforcera d\u2019en informer les utilisateurs \u00e0 l\u2019avance.<\/p><h2><strong>8. Droit applicable<\/strong><\/h2><p>Le pr\u00e9sent site est soumis au droit fran\u00e7ais.<br \/>En cas de litige, et \u00e0 d\u00e9faut de r\u00e9solution amiable, les tribunaux comp\u00e9tents seront ceux du ressort de <strong>Brest<\/strong>.<\/p><h2 data-start=\"3367\" data-end=\"3416\"><strong data-start=\"3371\" data-end=\"3416\">9. Cookies et respect de votre vie priv\u00e9e<\/strong><\/h2><p data-start=\"3418\" data-end=\"3732\">Ce site n\u2019utilise que des cookies strictement n\u00e9cessaires \u00e0 son bon fonctionnement.<br data-start=\"3501\" data-end=\"3504\" \/>Ces cookies ne collectent aucune donn\u00e9e personnelle et ne servent qu\u2019\u00e0 assurer une navigation fluide et s\u00e9curis\u00e9e.<br data-start=\"3618\" data-end=\"3621\" \/>Aucune donn\u00e9e de navigation n\u2019est transmise \u00e0 des tiers ni utilis\u00e9e \u00e0 des fins publicitaires ou statistiques.<\/p><p data-start=\"3734\" data-end=\"3855\">En poursuivant votre navigation sur ce site, vous acceptez uniquement l\u2019usage de ces cookies techniques indispensables.<\/p>\t\t\t\t\t\t<\/div>\n\t\t\t\t<\/div>\n\t\t\t\t\t<\/div>\n\t\t\t\t<\/div>\n\t\t\t\t<\/div>\n\t\t","protected":false},"excerpt":{"rendered":"<p>Site brest-sophrologue.fr 1. \u00c9diteur du site Le pr\u00e9sent site internet est \u00e9dit\u00e9 par :St\u00e9phanie Le Breton EI \u2013 Sophrologue certifi\u00e9eAccompagnements individuels et collectifs Adresse professionnelle :Le Lieu des Possibles \u2013 23 bis rue Fran\u00e7ois Cordon, 29200 Brest Adresse e-mail : stephaniesophrologue@hotmail.comT\u00e9l\u00e9phone : 06 56 79 99 50 Forme juridique : Entreprise Individuelle (EI)SIRET : 982&#8230;<\/p>\n","protected":false},"author":1,"featured_media":0,"parent":0,"menu_order":0,"comment_status":"closed","ping_status":"closed","template":"","meta":{"footnotes":""},"class_list":["post-2621","page","type-page","status-publish","hentry"],"aioseo_notices":[],"_links":{"self":[{"href":"https:\/\/brest-sophrologue.fr\/index.php\/wp-json\/wp\/v2\/pages\/2621","targetHints":{"allow":["GET"]}}],"collection":[{"href":"https:\/\/brest-sophrologue.fr\/index.php\/wp-json\/wp\/v2\/pages"}],"about":[{"href":"https:\/\/brest-sophrologue.fr\/index.php\/wp-json\/wp\/v2\/types\/page"}],"author":[{"embeddable":true,"href":"https:\/\/brest-sophrologue.fr\/index.php\/wp-json\/wp\/v2\/users\/1"}],"replies":[{"embeddable":true,"href":"https:\/\/brest-sophrologue.fr\/index.php\/wp-json\/wp\/v2\/comments?post=2621"}],"version-history":[{"count":11,"href":"https:\/\/brest-sophrologue.fr\/index.php\/wp-json\/wp\/v2\/pages\/2621\/revisions"}],"predecessor-version":[{"id":3625,"href":"https:\/\/brest-sophrologue.fr\/index.php\/wp-json\/wp\/v2\/pages\/2621\/revisions\/3625"}],"wp:attachment":[{"href":"https:\/\/brest-sophrologue.fr\/index.php\/wp-json\/wp\/v2\/media?parent=2621"}],"curies":[{"name":"wp","href":"https:\/\/api.w.org\/{rel}","templated":true}]}}