{"id":3578,"date":"2025-11-04T16:50:49","date_gmt":"2025-11-04T15:50:49","guid":{"rendered":"https:\/\/brest-sophrologue.fr\/?page_id=3578"},"modified":"2025-11-06T10:31:00","modified_gmt":"2025-11-06T09:31:00","slug":"politique-de-confidentialite-2","status":"publish","type":"page","link":"https:\/\/brest-sophrologue.fr\/index.php\/politique-de-confidentialite-2\/","title":{"rendered":"Politique de confidentialit\u00e9 &amp; protection des donn\u00e9es"},"content":{"rendered":"\t\t<div data-elementor-type=\"wp-page\" data-elementor-id=\"3578\" class=\"elementor elementor-3578\">\n\t\t\t\t<div class=\"elementor-element elementor-element-d812b0e e-flex e-con-boxed rt-default-class e-con e-parent\" data-id=\"d812b0e\" data-element_type=\"container\">\n\t\t\t\t\t<div class=\"e-con-inner\">\n\t\t\t\t<div class=\"elementor-element elementor-element-fc0907e rt-default-class elementor-widget elementor-widget-text-editor\" data-id=\"fc0907e\" data-element_type=\"widget\" data-widget_type=\"text-editor.default\">\n\t\t\t\t<div class=\"elementor-widget-container\">\n\t\t\t\t\t\t\t<h2 data-start=\"1168\" data-end=\"1186\">1. Introduction<\/h2><p data-start=\"3289\" data-end=\"3488\">La pr\u00e9sente politique de confidentialit\u00e9 a pour objectif d\u2019informer les visiteurs du site <strong data-start=\"3379\" data-end=\"3403\">brest-sophrologue.fr<\/strong> de la mani\u00e8re dont leurs donn\u00e9es personnelles peuvent \u00eatre collect\u00e9es et trait\u00e9es.<\/p><p data-start=\"3490\" data-end=\"3736\">Le respect de votre vie priv\u00e9e et la protection de vos donn\u00e9es personnelles sont essentiels pour moi.<br data-start=\"3591\" data-end=\"3594\" \/>Je veille \u00e0 ce que vos informations soient utilis\u00e9es de mani\u00e8re transparente et s\u00e9curis\u00e9e, conform\u00e9ment \u00e0 la r\u00e9glementation en vigueur (RGPD).<\/p><hr data-start=\"1618\" data-end=\"1621\" \/><h2 data-start=\"1623\" data-end=\"1666\">2. Identit\u00e9 du responsable du traitement<\/h2><p data-start=\"1667\" data-end=\"1939\">Le responsable du traitement des donn\u00e9es personnelles est :<br data-start=\"1726\" data-end=\"1729\" \/><strong data-start=\"1729\" data-end=\"1779\">St\u00e9phanie Le Breton EI \u2013 Sophrologue certifi\u00e9e<\/strong><br data-start=\"1779\" data-end=\"1782\" \/>Adresse : Le Lieu des Possibles \u2013 23 bis rue Fran\u00e7ois Cordon, 29200 Brest<br data-start=\"1858\" data-end=\"1861\" \/>E-mail : <a class=\"decorated-link cursor-pointer\" rel=\"noopener\" data-start=\"1873\" data-end=\"1905\">stephaniesophrologue@hotmail.com<\/a><br data-start=\"1905\" data-end=\"1908\" \/>T\u00e9l\u00e9phone : 06 56 79 99 50<\/p><hr data-start=\"1941\" data-end=\"1944\" \/><h2 data-start=\"1946\" data-end=\"1982\">3. Donn\u00e9es collect\u00e9es sur le site<\/h2><p data-start=\"1983\" data-end=\"2112\">Le site <strong data-start=\"1991\" data-end=\"2015\">brest-sophrologue.fr<\/strong> ne collecte aucune donn\u00e9e personnelle par formulaire.<br data-start=\"2069\" data-end=\"2072\" \/>Les \u00e9changes s\u2019effectuent uniquement :<\/p><ul data-start=\"2113\" data-end=\"2283\"><li data-start=\"2113\" data-end=\"2200\"><p data-start=\"2115\" data-end=\"2200\">par e-mail via le lien de contact (ouverture directe de la bo\u00eete mail du visiteur),<\/p><\/li><li data-start=\"2201\" data-end=\"2283\"><p data-start=\"2203\" data-end=\"2283\">ou via la plateforme externe <strong data-start=\"2232\" data-end=\"2243\">Resalib<\/strong>, utilis\u00e9e pour la prise de rendez-vous.<\/p><\/li><\/ul><p data-start=\"2285\" data-end=\"2334\">Aucune donn\u00e9e n\u2019est stock\u00e9e sur le site lui-m\u00eame.<\/p><hr data-start=\"2336\" data-end=\"2339\" \/><h2 data-start=\"2341\" data-end=\"2379\">4. Prise de rendez-vous via Resalib<\/h2><p data-start=\"2380\" data-end=\"2637\">Les r\u00e9servations de s\u00e9ances sont g\u00e9r\u00e9es par la plateforme <strong data-start=\"2438\" data-end=\"2449\">Resalib<\/strong>.<br data-start=\"2450\" data-end=\"2453\" \/>Lorsqu\u2019un utilisateur prend rendez-vous, il est redirig\u00e9 vers le site <strong data-start=\"2523\" data-end=\"2537\">resalib.fr<\/strong>, qui assure la collecte, le stockage et la s\u00e9curisation des donn\u00e9es n\u00e9cessaires \u00e0 la r\u00e9servation.<\/p><p data-start=\"2639\" data-end=\"2839\">Resalib agit en tant que <strong data-start=\"2664\" data-end=\"2705\">responsable de traitement ind\u00e9pendant<\/strong>.<br data-start=\"2706\" data-end=\"2709\" \/>Les conditions de traitement des donn\u00e9es sont consultables directement sur leur site : <a class=\"decorated-link\" href=\"https:\/\/www.resalib.fr\" target=\"_new\" rel=\"noopener\" data-start=\"2796\" data-end=\"2836\">www.resalib.fr<\/a>.<\/p><hr data-start=\"2841\" data-end=\"2844\" \/><h2 data-start=\"2846\" data-end=\"2893\">5. Utilisation des donn\u00e9es re\u00e7ues par e-mail<\/h2><p data-start=\"2894\" data-end=\"3152\">Les e-mails envoy\u00e9s directement \u00e0 <strong data-start=\"2928\" data-end=\"2964\"><a class=\"decorated-link cursor-pointer\" rel=\"noopener\" data-start=\"2930\" data-end=\"2962\">stephaniesophrologue@hotmail.com<\/a><\/strong> sont trait\u00e9s uniquement pour r\u00e9pondre aux demandes re\u00e7ues.<br data-start=\"3023\" data-end=\"3026\" \/>Ces messages ne sont pas enregistr\u00e9s dans une base de donn\u00e9es sp\u00e9cifique et ne font l\u2019objet d\u2019aucune exploitation commerciale.<\/p><hr data-start=\"3154\" data-end=\"3157\" \/><h2 data-start=\"3159\" data-end=\"3190\">6. Destinataires des donn\u00e9es<\/h2><p data-start=\"3191\" data-end=\"3385\">Les informations personnelles transmises volontairement par e-mail sont uniquement destin\u00e9es \u00e0 <strong data-start=\"3286\" data-end=\"3326\">St\u00e9phanie Le Breton EI \u2013 Sophrologue<\/strong>.<br data-start=\"3327\" data-end=\"3330\" \/>Aucune donn\u00e9e n\u2019est c\u00e9d\u00e9e, lou\u00e9e ou vendue \u00e0 des tiers.<\/p><hr data-start=\"3387\" data-end=\"3390\" \/><h2 data-start=\"3392\" data-end=\"3405\">7. Cookies<\/h2><p data-start=\"3406\" data-end=\"3623\">Le site utilise uniquement des cookies strictement n\u00e9cessaires \u00e0 son bon fonctionnement (h\u00e9bergement, s\u00e9curit\u00e9).<br data-start=\"3545\" data-end=\"3548\" \/>Ces cookies ne collectent aucune donn\u00e9e personnelle et ne permettent pas d\u2019identifier l\u2019utilisateur.<\/p><p data-start=\"3625\" data-end=\"3734\">L\u2019utilisateur peut \u00e0 tout moment configurer son navigateur pour accepter, refuser ou supprimer les cookies techniques d\u00e9pos\u00e9s.<\/p><hr data-start=\"3736\" data-end=\"3739\" \/><h2 data-start=\"3741\" data-end=\"3767\">8. S\u00e9curit\u00e9 des donn\u00e9es<\/h2><p data-start=\"3768\" data-end=\"3964\">Le site est h\u00e9berg\u00e9 par <strong data-start=\"3792\" data-end=\"3805\">OVH Cloud<\/strong> (2 rue Kellermann, 59100 Roubaix \u2013 France).<br data-start=\"3849\" data-end=\"3852\" \/>L\u2019h\u00e9bergeur met en \u0153uvre les mesures techniques n\u00e9cessaires \u00e0 la s\u00e9curit\u00e9 et \u00e0 la confidentialit\u00e9 des donn\u00e9es.<\/p><hr data-start=\"3966\" data-end=\"3969\" \/><h2 data-start=\"3971\" data-end=\"3987\">9. Vos droits<\/h2><p data-start=\"3988\" data-end=\"4209\">Conform\u00e9ment au R\u00e8glement G\u00e9n\u00e9ral sur la Protection des Donn\u00e9es (RGPD \u2013 UE 2016\/679), toute personne dispose d\u2019un droit d\u2019acc\u00e8s, de rectification, d\u2019opposition, de limitation ou de suppression des donn\u00e9es la concernant.<\/p><p data-start=\"4211\" data-end=\"4322\">Vous pouvez exercer ces droits en adressant votre demande par e-mail \u00e0 : <strong data-start=\"4284\" data-end=\"4320\"><a class=\"decorated-link cursor-pointer\" rel=\"noopener\" data-start=\"4286\" data-end=\"4318\">stephaniesophrologue@hotmail.com<\/a><\/strong><\/p><hr data-start=\"4324\" data-end=\"4327\" \/><h2 data-start=\"4329\" data-end=\"4347\">10. Mise \u00e0 jour<\/h2><p data-start=\"4348\" data-end=\"4524\">La pr\u00e9sente politique de confidentialit\u00e9 peut \u00eatre mise \u00e0 jour en fonction de l\u2019\u00e9volution du site ou de la r\u00e9glementation en vigueur.<br data-start=\"4481\" data-end=\"4484\" \/>Derni\u00e8re mise \u00e0 jour : <strong data-start=\"4507\" data-end=\"4524\">octobre 2025.<\/strong><\/p><hr data-start=\"4526\" data-end=\"4529\" \/><h2 data-start=\"4531\" data-end=\"4559\">11. Pr\u00e9vision d\u2019\u00e9volution<\/h2><p data-start=\"4560\" data-end=\"4772\">En cas d\u2019ajout futur d\u2019un formulaire de contact, cette politique sera adapt\u00e9e pour pr\u00e9ciser les nouvelles modalit\u00e9s de collecte et de traitement des donn\u00e9es.<\/p>\t\t\t\t\t\t<\/div>\n\t\t\t\t<\/div>\n\t\t\t\t\t<\/div>\n\t\t\t\t<\/div>\n\t\t\t\t<\/div>\n\t\t","protected":false},"excerpt":{"rendered":"<p>1. Introduction La pr\u00e9sente politique de confidentialit\u00e9 a pour objectif d\u2019informer les visiteurs du site brest-sophrologue.fr de la mani\u00e8re dont leurs donn\u00e9es personnelles peuvent \u00eatre collect\u00e9es et trait\u00e9es. Le respect de votre vie priv\u00e9e et la protection de vos donn\u00e9es personnelles sont essentiels pour moi.Je veille \u00e0 ce que vos informations soient utilis\u00e9es de mani\u00e8re&#8230;<\/p>\n","protected":false},"author":1,"featured_media":0,"parent":0,"menu_order":0,"comment_status":"closed","ping_status":"closed","template":"","meta":{"footnotes":""},"class_list":["post-3578","page","type-page","status-publish","hentry"],"aioseo_notices":[],"_links":{"self":[{"href":"https:\/\/brest-sophrologue.fr\/index.php\/wp-json\/wp\/v2\/pages\/3578","targetHints":{"allow":["GET"]}}],"collection":[{"href":"https:\/\/brest-sophrologue.fr\/index.php\/wp-json\/wp\/v2\/pages"}],"about":[{"href":"https:\/\/brest-sophrologue.fr\/index.php\/wp-json\/wp\/v2\/types\/page"}],"author":[{"embeddable":true,"href":"https:\/\/brest-sophrologue.fr\/index.php\/wp-json\/wp\/v2\/users\/1"}],"replies":[{"embeddable":true,"href":"https:\/\/brest-sophrologue.fr\/index.php\/wp-json\/wp\/v2\/comments?post=3578"}],"version-history":[{"count":17,"href":"https:\/\/brest-sophrologue.fr\/index.php\/wp-json\/wp\/v2\/pages\/3578\/revisions"}],"predecessor-version":[{"id":3634,"href":"https:\/\/brest-sophrologue.fr\/index.php\/wp-json\/wp\/v2\/pages\/3578\/revisions\/3634"}],"wp:attachment":[{"href":"https:\/\/brest-sophrologue.fr\/index.php\/wp-json\/wp\/v2\/media?parent=3578"}],"curies":[{"name":"wp","href":"https:\/\/api.w.org\/{rel}","templated":true}]}}