{"id":411,"date":"2024-06-24T11:40:33","date_gmt":"2024-06-24T11:40:33","guid":{"rendered":"http:\/\/192.168.0.235:10022\/?page_id=411"},"modified":"2025-11-20T16:07:22","modified_gmt":"2025-11-20T15:07:22","slug":"about-us","status":"publish","type":"page","link":"https:\/\/brest-sophrologue.fr\/index.php\/about-us\/","title":{"rendered":"Le cabinet"},"content":{"rendered":"\t\t<div data-elementor-type=\"wp-page\" data-elementor-id=\"411\" class=\"elementor elementor-411\">\n\t\t\t\t<div class=\"elementor-element elementor-element-e34abef e-flex e-con-boxed rt-default-class e-con e-parent\" data-id=\"e34abef\" data-element_type=\"container\">\n\t\t\t\t\t<div class=\"e-con-inner\">\n\t\t<div class=\"elementor-element elementor-element-af8f91e e-con-full e-flex rt-default-class e-con e-child\" data-id=\"af8f91e\" data-element_type=\"container\">\n\t\t\t\t<div class=\"elementor-element elementor-element-2d83c0c rt-default-class elementor-widget elementor-widget-image\" data-id=\"2d83c0c\" data-element_type=\"widget\" data-widget_type=\"image.default\">\n\t\t\t\t<div class=\"elementor-widget-container\">\n\t\t\t\t\t\t\t\t\t\t\t\t\t<img fetchpriority=\"high\" decoding=\"async\" width=\"333\" height=\"423\" src=\"https:\/\/brest-sophrologue.fr\/wp-content\/uploads\/2025\/08\/WhatsApp-Image-2025-07-04-at-13.44.44.jpeg\" class=\"attachment-large size-large wp-image-3199\" alt=\"\" srcset=\"https:\/\/brest-sophrologue.fr\/wp-content\/uploads\/2025\/08\/WhatsApp-Image-2025-07-04-at-13.44.44.jpeg 333w, https:\/\/brest-sophrologue.fr\/wp-content\/uploads\/2025\/08\/WhatsApp-Image-2025-07-04-at-13.44.44-236x300.jpeg 236w\" sizes=\"(max-width: 333px) 100vw, 333px\" \/>\t\t\t\t\t\t\t\t\t\t\t\t\t<\/div>\n\t\t\t\t<\/div>\n\t\t\t\t<div class=\"elementor-element elementor-element-f26391e rt-default-class elementor-widget elementor-widget-image\" data-id=\"f26391e\" data-element_type=\"widget\" data-widget_type=\"image.default\">\n\t\t\t\t<div class=\"elementor-widget-container\">\n\t\t\t\t\t\t\t\t\t\t\t\t\t<img decoding=\"async\" width=\"640\" height=\"480\" src=\"https:\/\/brest-sophrologue.fr\/wp-content\/uploads\/2025\/03\/Bureau-photo-2-1024x768.jpg\" class=\"attachment-large size-large wp-image-2805\" alt=\"\" srcset=\"https:\/\/brest-sophrologue.fr\/wp-content\/uploads\/2025\/03\/Bureau-photo-2-1024x768.jpg 1024w, https:\/\/brest-sophrologue.fr\/wp-content\/uploads\/2025\/03\/Bureau-photo-2-300x225.jpg 300w, https:\/\/brest-sophrologue.fr\/wp-content\/uploads\/2025\/03\/Bureau-photo-2-768x576.jpg 768w, https:\/\/brest-sophrologue.fr\/wp-content\/uploads\/2025\/03\/Bureau-photo-2-1536x1152.jpg 1536w, https:\/\/brest-sophrologue.fr\/wp-content\/uploads\/2025\/03\/Bureau-photo-2.jpg 2048w\" sizes=\"(max-width: 640px) 100vw, 640px\" \/>\t\t\t\t\t\t\t\t\t\t\t\t\t<\/div>\n\t\t\t\t<\/div>\n\t\t\t\t<\/div>\n\t\t<div class=\"elementor-element elementor-element-5e85ca5 e-con-full e-flex rt-default-class e-con e-child\" data-id=\"5e85ca5\" data-element_type=\"container\">\n\t\t\t\t<div class=\"elementor-element elementor-element-48e0c09 rt-default-class elementor-widget elementor-widget-react-heading\" data-id=\"48e0c09\" data-element_type=\"widget\" data-widget_type=\"react-heading.default\">\n\t\t\t\t<div class=\"elementor-widget-container\">\n\t\t\t\t\t<div class=\"animation-wow fadeInUp react-heading default\">\r\n\t\t\t<div class=\"title-inner\">\r\n\t\t\t\t<div class=\"wow fadeInUp\"><h2 class=\"title word-line\">Un lieu, une rencontre<\/h2><\/div>\t\t\t<\/div>\r\n\t\t\t\r\n\t\t\t\t\t\t\t<div class=\"description wow fadeInUp \">\r\n\t\t\t\t\t<h3 data-start=\"330\" data-end=\"398\">Le Lieu des Possibles \u2013 Un cadre apaisant pour se (re)trouver<\/h3><p data-start=\"400\" data-end=\"711\">Situ\u00e9 dans le quartier de Saint Pierre \u00e0 Brest, <strong data-start=\"424\" data-end=\"449\">Le Lieu des Possibles<\/strong> est un espace chaleureux d\u00e9di\u00e9 au bien-\u00eatre, \u00e0 l\u2019\u00e9coute et \u00e0 l\u2019accompagnement global de la personne. Cette maison pluridisciplinaire r\u00e9unit des professionnels engag\u00e9s, aux approches compl\u00e9mentaires, dans une ambiance conviviale, respectueuse et bienveillante.<\/p><p data-start=\"713\" data-end=\"1025\">Chaque pi\u00e8ce, chaque d\u00e9tail a \u00e9t\u00e9 pens\u00e9 pour favoriser le calme, la d\u00e9tente et la s\u00e9curit\u00e9 int\u00e9rieure. Que ce soit pour une s\u00e9ance individuelle, un atelier collectif ou une parenth\u00e8se de ressourcement, ce lieu offre un v\u00e9ritable cocon o\u00f9 chacun peut prendre enfin du temps pour soi, loin du tumulte du quotidien.<\/p><p data-start=\"1027\" data-end=\"1129\">C\u2019est dans ce cadre porteur de sens que je vous accueille, avec une approche humaine et personnalis\u00e9e.<\/p><hr data-start=\"1131\" data-end=\"1134\" \/><h3 data-start=\"1136\" data-end=\"1187\">Mon approche, au service de votre mieux-\u00eatre<\/h3><p data-start=\"1189\" data-end=\"1514\">Sophrologue certifi\u00e9e, je vous accompagne avec douceur et engagement dans un parcours d\u2019\u00e9quilibre, \u00e0 votre rythme.<br data-start=\"1303\" data-end=\"1306\" \/>Je propose des s\u00e9ances individuelles et des parcours th\u00e9matiques, adapt\u00e9s \u00e0 vos besoins : stress, sommeil, confiance en soi, hypersensibilit\u00e9, concentration, etc.<\/p><p data-start=\"1516\" data-end=\"1700\">Mon accompagnement repose sur l\u2019\u00e9coute active, le respect de votre v\u00e9cu et la conviction profonde que chacun\u00b7e peut retrouver des ressources en soi pour traverser les d\u00e9fis de la vie.<\/p><p data-start=\"1702\" data-end=\"1843\">Ensemble, nous ouvrons un chemin vers plus de s\u00e9r\u00e9nit\u00e9, de stabilit\u00e9 int\u00e9rieure et de pr\u00e9sence \u00e0 soi\u2026 dans ce lieu qui porte si bien son nom.<\/p>\t\t\t\t<\/div>\r\n\t\t\t\t\t\t\t\t<\/div>\t\t\t\r\n\t\t\t<\/div>\n\t\t\t\t<\/div>\n\t\t\t\t<\/div>\n\t\t\t\t\t<\/div>\n\t\t\t\t<\/div>\n\t\t<div class=\"elementor-element elementor-element-ffbcda2 bg-color-2 e-flex e-con-boxed e-con e-parent\" data-id=\"ffbcda2\" data-element_type=\"container\">\n\t\t\t\t\t<div class=\"e-con-inner\">\n\t\t<div class=\"elementor-element elementor-element-e05348e e-con-full e-flex rt-default-class e-con e-child\" data-id=\"e05348e\" data-element_type=\"container\">\n\t\t\t\t<div class=\"elementor-element elementor-element-9ea97b0 rt-default-class elementor-widget elementor-widget-rt-counter\" data-id=\"9ea97b0\" data-element_type=\"widget\" data-widget_type=\"rt-counter.default\">\n\t\t\t\t<div class=\"elementor-widget-container\">\n\t\t\t\t\t\t\t\t<div class=\"counter-top-area style1 wow fadeInRight\" data-wow-delay=\".0s\">\r\n\t\t\t\t<div class=\"rts-counter-list\">\r\n\t\t\t\t\t<div class=\"rts-counter-list-inner \">\t\t\t\t\t\r\n\r\n\t\t\t\t\t\t<div class=\"count-text bottom\">\r\n\t\t\t\t\t\t\t<div class=\"count-number\">\r\n\t\t\t\t\t\t\t\t\t\t\t\t\t\t\t\t<span data-letters=\"500\" class=\"rs-counter\"> 25<\/span>\r\n\t\t\t\t\t\t\t\t<span class=\"prefix\">+<\/span>\t\t\t\t\t\t\t<\/div>\r\n\r\n\t\t\t\t\t\t\t\t\t\t\t\t\t\t\t<span class=\"title\"> Avis positifs sur Resalib<\/span>\r\n\t\t\t\t\t\t\t\r\n\t\t\t\t\t\t\t\r\n\t\t\t\t\t\t<\/div>\r\n\t\t\t\t\t<\/div>\r\n\t\t\t\t<\/div>\r\n\t\t\t<\/div>\r\n\r\n\t\t\t\t\r\n\r\n\t\t\t<\/div>\n\t\t\t\t<\/div>\n\t\t\t\t<\/div>\n\t\t<div class=\"elementor-element elementor-element-05ba3cf e-con-full e-flex rt-default-class e-con e-child\" data-id=\"05ba3cf\" data-element_type=\"container\">\n\t\t\t\t<div class=\"elementor-element elementor-element-d645c49 rt-default-class elementor-widget elementor-widget-rt-counter\" data-id=\"d645c49\" data-element_type=\"widget\" data-widget_type=\"rt-counter.default\">\n\t\t\t\t<div class=\"elementor-widget-container\">\n\t\t\t\t\t\t\t\t<div class=\"counter-top-area style1 wow fadeInRight\" data-wow-delay=\".2s\">\r\n\t\t\t\t<div class=\"rts-counter-list\">\r\n\t\t\t\t\t<div class=\"rts-counter-list-inner \">\t\t\t\t\t\r\n\r\n\t\t\t\t\t\t<div class=\"count-text bottom\">\r\n\t\t\t\t\t\t\t<div class=\"count-number\">\r\n\t\t\t\t\t\t\t\t\t\t\t\t\t\t\t\t<span data-letters=\"500\" class=\"rs-counter\"> 50<\/span>\r\n\t\t\t\t\t\t\t\t<span class=\"prefix\">+<\/span>\t\t\t\t\t\t\t<\/div>\r\n\r\n\t\t\t\t\t\t\t\t\t\t\t\t\t\t\t<span class=\"title\"> Abonn\u00e9s Facebook<\/span>\r\n\t\t\t\t\t\t\t\r\n\t\t\t\t\t\t\t\r\n\t\t\t\t\t\t<\/div>\r\n\t\t\t\t\t<\/div>\r\n\t\t\t\t<\/div>\r\n\t\t\t<\/div>\r\n\r\n\t\t\t\t\r\n\r\n\t\t\t<\/div>\n\t\t\t\t<\/div>\n\t\t\t\t<\/div>\n\t\t<div class=\"elementor-element elementor-element-d10d7e0 e-con-full e-flex rt-default-class e-con e-child\" data-id=\"d10d7e0\" data-element_type=\"container\">\n\t\t\t\t<div class=\"elementor-element elementor-element-28a3745 rt-default-class elementor-widget elementor-widget-rt-counter\" data-id=\"28a3745\" data-element_type=\"widget\" data-widget_type=\"rt-counter.default\">\n\t\t\t\t<div class=\"elementor-widget-container\">\n\t\t\t\t\t\t\t\t<div class=\"counter-top-area style1 wow fadeInRight\" data-wow-delay=\".0s\">\r\n\t\t\t\t<div class=\"rts-counter-list\">\r\n\t\t\t\t\t<div class=\"rts-counter-list-inner \">\t\t\t\t\t\r\n\r\n\t\t\t\t\t\t<div class=\"count-text bottom\">\r\n\t\t\t\t\t\t\t<div class=\"count-number\">\r\n\t\t\t\t\t\t\t\t\t\t\t\t\t\t\t\t<span data-letters=\"500\" class=\"rs-counter\"> 300<\/span>\r\n\t\t\t\t\t\t\t\t<span class=\"prefix\">h +<\/span>\t\t\t\t\t\t\t<\/div>\r\n\r\n\t\t\t\t\t\t\t\t\t\t\t\t\t\t\t<span class=\"title\"> D&#039;accompagnement individuel<\/span>\r\n\t\t\t\t\t\t\t\r\n\t\t\t\t\t\t\t\r\n\t\t\t\t\t\t<\/div>\r\n\t\t\t\t\t<\/div>\r\n\t\t\t\t<\/div>\r\n\t\t\t<\/div>\r\n\r\n\t\t\t\t\r\n\r\n\t\t\t<\/div>\n\t\t\t\t<\/div>\n\t\t\t\t<\/div>\n\t\t<div class=\"elementor-element elementor-element-62705b3 e-con-full e-flex rt-default-class e-con e-child\" data-id=\"62705b3\" data-element_type=\"container\">\n\t\t\t\t<div class=\"elementor-element elementor-element-ab4427c rt-default-class elementor-widget elementor-widget-rt-counter\" data-id=\"ab4427c\" data-element_type=\"widget\" data-widget_type=\"rt-counter.default\">\n\t\t\t\t<div class=\"elementor-widget-container\">\n\t\t\t\t\t\t\t\t<div class=\"counter-top-area style1 wow fadeInRight\" data-wow-delay=\".0s\">\r\n\t\t\t\t<div class=\"rts-counter-list\">\r\n\t\t\t\t\t<div class=\"rts-counter-list-inner \">\t\t\t\t\t\r\n\r\n\t\t\t\t\t\t<div class=\"count-text bottom\">\r\n\t\t\t\t\t\t\t<div class=\"count-number\">\r\n\t\t\t\t\t\t\t\t\t\t\t\t\t\t\t\t<span data-letters=\"500\" class=\"rs-counter\"> 6<\/span>\r\n\t\t\t\t\t\t\t\t<span class=\"prefix\">+<\/span>\t\t\t\t\t\t\t<\/div>\r\n\r\n\t\t\t\t\t\t\t\t\t\t\t\t\t\t\t<span class=\"title\"> Parcours th\u00e9matiques<\/span>\r\n\t\t\t\t\t\t\t\r\n\t\t\t\t\t\t\t\r\n\t\t\t\t\t\t<\/div>\r\n\t\t\t\t\t<\/div>\r\n\t\t\t\t<\/div>\r\n\t\t\t<\/div>\r\n\r\n\t\t\t\t\r\n\r\n\t\t\t<\/div>\n\t\t\t\t<\/div>\n\t\t\t\t<\/div>\n\t\t\t\t\t<\/div>\n\t\t\t\t<\/div>\n\t\t<div class=\"elementor-element elementor-element-3696750 e-flex e-con-boxed rt-default-class e-con e-parent\" data-id=\"3696750\" data-element_type=\"container\">\n\t\t\t\t\t<div class=\"e-con-inner\">\n\t\t\t\t<div class=\"elementor-element elementor-element-620a4b3 elementor-widget__width-initial rt-default-class elementor-widget elementor-widget-react-heading\" data-id=\"620a4b3\" data-element_type=\"widget\" data-widget_type=\"react-heading.default\">\n\t\t\t\t<div class=\"elementor-widget-container\">\n\t\t\t\t\t<div class=\"animation-wow fadeInUp react-heading default\">\r\n\t\t\t<div class=\"title-inner\">\r\n\t\t\t\t<div class=\"wow fadeInUp\"><h2 class=\"title word-line\">Votre Sophrologue \u00e0 Brest<\/h2><\/div>\t\t\t<\/div>\r\n\t\t\t\r\n\t\t\t\t\t\t\t\t<\/div>\t\t\t\r\n\t\t\t<\/div>\n\t\t\t\t<\/div>\n\t\t\t\t\t<\/div>\n\t\t\t\t<\/div>\n\t\t<div class=\"elementor-element elementor-element-f32c3f1 e-con-full e-flex rt-default-class e-con e-child\" data-id=\"f32c3f1\" data-element_type=\"container\">\n\t\t<div class=\"elementor-element elementor-element-a8a5990 e-con-full bg-color-3 e-flex e-con e-child\" data-id=\"a8a5990\" data-element_type=\"container\">\n\t\t\t\t<div class=\"elementor-element elementor-element-1f413a8 rt-default-class elementor-widget elementor-widget-image\" data-id=\"1f413a8\" data-element_type=\"widget\" data-widget_type=\"image.default\">\n\t\t\t\t<div class=\"elementor-widget-container\">\n\t\t\t\t\t\t\t\t\t\t\t\t\t<img decoding=\"async\" width=\"640\" height=\"876\" src=\"https:\/\/brest-sophrologue.fr\/wp-content\/uploads\/2025\/07\/DSC047541-748x1024.jpg\" class=\"attachment-large size-large wp-image-2955\" alt=\"\" srcset=\"https:\/\/brest-sophrologue.fr\/wp-content\/uploads\/2025\/07\/DSC047541-748x1024.jpg 748w, https:\/\/brest-sophrologue.fr\/wp-content\/uploads\/2025\/07\/DSC047541-219x300.jpg 219w, https:\/\/brest-sophrologue.fr\/wp-content\/uploads\/2025\/07\/DSC047541-768x1052.jpg 768w, https:\/\/brest-sophrologue.fr\/wp-content\/uploads\/2025\/07\/DSC047541-1122x1536.jpg 1122w, https:\/\/brest-sophrologue.fr\/wp-content\/uploads\/2025\/07\/DSC047541-1496x2048.jpg 1496w, https:\/\/brest-sophrologue.fr\/wp-content\/uploads\/2025\/07\/DSC047541.jpg 1589w\" sizes=\"(max-width: 640px) 100vw, 640px\" \/>\t\t\t\t\t\t\t\t\t\t\t\t\t<\/div>\n\t\t\t\t<\/div>\n\t\t\t\t<\/div>\n\t\t<div class=\"elementor-element elementor-element-0a19917 e-con-full rt-primary-bg e-flex e-con e-child\" data-id=\"0a19917\" data-element_type=\"container\" data-settings=\"{&quot;background_background&quot;:&quot;gradient&quot;}\">\n\t\t\t\t<div class=\"elementor-element elementor-element-06e75c2 rt-default-class elementor-widget elementor-widget-react-heading\" data-id=\"06e75c2\" data-element_type=\"widget\" data-widget_type=\"react-heading.default\">\n\t\t\t\t<div class=\"elementor-widget-container\">\n\t\t\t\t\t<div class=\"animation-style1 react-heading default\">\r\n\t\t\t<div class=\"title-inner\">\r\n\t\t\t\t<span class=\"custom sub-text subtitle style1\">St\u00e9phanie Le Breton<\/span><div class=\"style1\"><h4 class=\"title word-line\">Sophrologue certifi\u00e9e \u00e0 Brest<\/h4><\/div>\t\t\t<\/div>\r\n\t\t\t\r\n\t\t\t\t\t\t\t\t<\/div>\t\t\t\r\n\t\t\t<\/div>\n\t\t\t\t<\/div>\n\t\t\t\t<div class=\"elementor-element elementor-element-2a7a7c4 rt-primary-bg elementor-shape-rounded elementor-grid-0 e-grid-align-center elementor-widget elementor-widget-social-icons\" data-id=\"2a7a7c4\" data-element_type=\"widget\" data-widget_type=\"social-icons.default\">\n\t\t\t\t<div class=\"elementor-widget-container\">\n\t\t\t\t\t<div class=\"elementor-social-icons-wrapper elementor-grid\">\n\t\t\t\t\t\t\t<span class=\"elementor-grid-item\">\n\t\t\t\t\t<a class=\"elementor-icon elementor-social-icon elementor-social-icon-envelope elementor-repeater-item-f4768de\" href=\"http:\/\/stephaniesophrologue@hotmail.com\" target=\"_blank\">\n\t\t\t\t\t\t<span class=\"elementor-screen-only\">Envelope<\/span>\n\t\t\t\t\t\t<svg class=\"e-font-icon-svg e-fas-envelope\" viewBox=\"0 0 512 512\" xmlns=\"http:\/\/www.w3.org\/2000\/svg\"><path d=\"M502.3 190.8c3.9-3.1 9.7-.2 9.7 4.7V400c0 26.5-21.5 48-48 48H48c-26.5 0-48-21.5-48-48V195.6c0-5 5.7-7.8 9.7-4.7 22.4 17.4 52.1 39.5 154.1 113.6 21.1 15.4 56.7 47.8 92.2 47.6 35.7.3 72-32.8 92.3-47.6 102-74.1 131.6-96.3 154-113.7zM256 320c23.2.4 56.6-29.2 73.4-41.4 132.7-96.3 142.8-104.7 173.4-128.7 5.8-4.5 9.2-11.5 9.2-18.9v-19c0-26.5-21.5-48-48-48H48C21.5 64 0 85.5 0 112v19c0 7.4 3.4 14.3 9.2 18.9 30.6 23.9 40.7 32.4 173.4 128.7 16.8 12.2 50.2 41.8 73.4 41.4z\"><\/path><\/svg>\t\t\t\t\t<\/a>\n\t\t\t\t<\/span>\n\t\t\t\t\t\t\t<span class=\"elementor-grid-item\">\n\t\t\t\t\t<a class=\"elementor-icon elementor-social-icon elementor-social-icon-medrt elementor-repeater-item-06fc88d\" href=\"https:\/\/www.resalib.fr\/praticien\/87464-stephanie-le-breton-sophrologue-brest\" target=\"_blank\">\n\t\t\t\t\t\t<span class=\"elementor-screen-only\">Medrt<\/span>\n\t\t\t\t\t\t<svg class=\"e-font-icon-svg e-fab-medrt\" viewBox=\"0 0 544 512\" xmlns=\"http:\/\/www.w3.org\/2000\/svg\"><path d=\"M113.7 256c0 121.8 83.9 222.8 193.5 241.1-18.7 4.5-38.2 6.9-58.2 6.9C111.4 504 0 393 0 256S111.4 8 248.9 8c20.1 0 39.6 2.4 58.2 6.9C197.5 33.2 113.7 134.2 113.7 256m297.4 100.3c-77.7 55.4-179.6 47.5-240.4-14.6 5.5 14.1 12.7 27.7 21.7 40.5 61.6 88.2 182.4 109.3 269.7 47 87.3-62.3 108.1-184.3 46.5-272.6-9-12.9-19.3-24.3-30.5-34.2 37.4 78.8 10.7 178.5-67 233.9m-218.8-244c-1.4 1-2.7 2.1-4 3.1 64.3-17.8 135.9 4 178.9 60.5 35.7 47 42.9 106.6 24.4 158 56.7-56.2 67.6-142.1 22.3-201.8-50-65.5-149.1-74.4-221.6-19.8M296 224c-4.4 0-8-3.6-8-8v-40c0-4.4-3.6-8-8-8h-48c-4.4 0-8 3.6-8 8v40c0 4.4-3.6 8-8 8h-40c-4.4 0-8 3.6-8 8v48c0 4.4 3.6 8 8 8h40c4.4 0 8 3.6 8 8v40c0 4.4 3.6 8 8 8h48c4.4 0 8-3.6 8-8v-40c0-4.4 3.6-8 8-8h40c4.4 0 8-3.6 8-8v-48c0-4.4-3.6-8-8-8h-40z\"><\/path><\/svg>\t\t\t\t\t<\/a>\n\t\t\t\t<\/span>\n\t\t\t\t\t<\/div>\n\t\t\t\t<\/div>\n\t\t\t\t<\/div>\n\t\t\t\t<div class=\"elementor-element elementor-element-3b5ef82 elementor-shape-rounded elementor-grid-0 e-grid-align-center rt-default-class elementor-widget elementor-widget-social-icons\" data-id=\"3b5ef82\" data-element_type=\"widget\" data-widget_type=\"social-icons.default\">\n\t\t\t\t<div class=\"elementor-widget-container\">\n\t\t\t\t\t<div class=\"elementor-social-icons-wrapper elementor-grid\">\n\t\t\t\t\t\t\t<span class=\"elementor-grid-item\">\n\t\t\t\t\t<a class=\"elementor-icon elementor-social-icon elementor-social-icon-facebook-f elementor-repeater-item-9bff52e\" href=\"https:\/\/www.facebook.com\/share\/19vKRjnnVf\/\" target=\"_blank\">\n\t\t\t\t\t\t<span class=\"elementor-screen-only\">Facebook-f<\/span>\n\t\t\t\t\t\t<svg class=\"e-font-icon-svg e-fab-facebook-f\" viewBox=\"0 0 320 512\" xmlns=\"http:\/\/www.w3.org\/2000\/svg\"><path d=\"M279.14 288l14.22-92.66h-88.91v-60.13c0-25.35 12.42-50.06 52.24-50.06h40.42V6.26S260.43 0 225.36 0c-73.22 0-121.08 44.38-121.08 124.72v70.62H22.89V288h81.39v224h100.17V288z\"><\/path><\/svg>\t\t\t\t\t<\/a>\n\t\t\t\t<\/span>\n\t\t\t\t\t\t\t<span class=\"elementor-grid-item\">\n\t\t\t\t\t<a class=\"elementor-icon elementor-social-icon elementor-social-icon-linkedin elementor-repeater-item-d36bcce\" href=\"http:\/\/www.linkedin.com\/in\/st\u00e9phanie-le-breton-646a0a243\" target=\"_blank\">\n\t\t\t\t\t\t<span class=\"elementor-screen-only\">Linkedin<\/span>\n\t\t\t\t\t\t<svg class=\"e-font-icon-svg e-fab-linkedin\" viewBox=\"0 0 448 512\" xmlns=\"http:\/\/www.w3.org\/2000\/svg\"><path d=\"M416 32H31.9C14.3 32 0 46.5 0 64.3v383.4C0 465.5 14.3 480 31.9 480H416c17.6 0 32-14.5 32-32.3V64.3c0-17.8-14.4-32.3-32-32.3zM135.4 416H69V202.2h66.5V416zm-33.2-243c-21.3 0-38.5-17.3-38.5-38.5S80.9 96 102.2 96c21.2 0 38.5 17.3 38.5 38.5 0 21.3-17.2 38.5-38.5 38.5zm282.1 243h-66.4V312c0-24.8-.5-56.7-34.5-56.7-34.6 0-39.9 27-39.9 54.9V416h-66.4V202.2h63.7v29.2h.9c8.9-16.8 30.6-34.5 62.9-34.5 67.2 0 79.7 44.3 79.7 101.9V416z\"><\/path><\/svg>\t\t\t\t\t<\/a>\n\t\t\t\t<\/span>\n\t\t\t\t\t<\/div>\n\t\t\t\t<\/div>\n\t\t\t\t<\/div>\n\t\t\t\t<\/div>\n\t\t\t\t<\/div>\n\t\t<div class=\"elementor-element elementor-element-8c1c919 e-con-full e-flex rt-default-class e-con e-parent\" data-id=\"8c1c919\" data-element_type=\"container\">\n\t\t<div class=\"elementor-element elementor-element-48cbf47 e-flex e-con-boxed rt-default-class e-con e-child\" data-id=\"48cbf47\" data-element_type=\"container\">\n\t\t\t\t\t<div class=\"e-con-inner\">\n\t\t<div class=\"elementor-element elementor-element-ff5918d e-con-full e-flex rt-default-class e-con e-child\" data-id=\"ff5918d\" data-element_type=\"container\">\n\t\t\t\t<div class=\"elementor-element elementor-element-1ab8e9d elementor-widget__width-initial rt-default-class elementor-widget elementor-widget-react-heading\" data-id=\"1ab8e9d\" data-element_type=\"widget\" data-widget_type=\"react-heading.default\">\n\t\t\t\t<div class=\"elementor-widget-container\">\n\t\t\t\t\t<div class=\"animation-wow fadeInUp react-heading default\">\r\n\t\t\t<div class=\"title-inner\">\r\n\t\t\t\t<div class=\"wow fadeInUp\"><h2 class=\"title word-line\">Une rencontre, un chemin<\/h2><\/div>\t\t\t<\/div>\r\n\t\t\t\r\n\t\t\t\t\t\t\t\t<\/div>\t\t\t\r\n\t\t\t<\/div>\n\t\t\t\t<\/div>\n\t\t\t\t<\/div>\n\t\t\t\t\t<\/div>\n\t\t\t\t<\/div>\n\t\t<div class=\"elementor-element elementor-element-5c9bf27 e-flex e-con-boxed rt-default-class e-con e-child\" data-id=\"5c9bf27\" data-element_type=\"container\">\n\t\t\t\t\t<div class=\"e-con-inner\">\n\t\t<div class=\"elementor-element elementor-element-f386674 e-con-full e-flex rt-default-class e-con e-child\" data-id=\"f386674\" data-element_type=\"container\">\n\t\t\t\t<div class=\"elementor-element elementor-element-03d3471 rt-default-class elementor-widget elementor-widget-react-heading\" data-id=\"03d3471\" data-element_type=\"widget\" data-widget_type=\"react-heading.default\">\n\t\t\t\t<div class=\"elementor-widget-container\">\n\t\t\t\t\t<div class=\"animation-wow fadeInRight react-heading default\">\r\n\t\t\t<div class=\"title-inner\">\r\n\t\t\t\t<div class=\"wow fadeInRight\"><h4 class=\"title word-line\">Ma vision<\/h4><\/div>\t\t\t<\/div>\r\n\t\t\t\r\n\t\t\t\t\t\t\t\t<\/div>\t\t\t\r\n\t\t\t<\/div>\n\t\t\t\t<\/div>\n\t\t\t\t<div class=\"elementor-element elementor-element-da81d01 rt-default-class elementor-widget elementor-widget-react-heading\" data-id=\"da81d01\" data-element_type=\"widget\" data-widget_type=\"react-heading.default\">\n\t\t\t\t<div class=\"elementor-widget-container\">\n\t\t\t\t\t<div class=\"animation-wow fadeInUp react-heading default\">\r\n\t\t\t<div class=\"title-inner\">\r\n\t\t\t\t\t\t\t<\/div>\r\n\t\t\t\r\n\t\t\t\t\t\t\t<div class=\"description wow fadeInUp \">\r\n\t\t\t\t\t<h5 data-start=\"519\" data-end=\"827\">J\u2019accompagne chaque personne dans l\u2019id\u00e9e qu\u2019elle poss\u00e8de d\u00e9j\u00e0 en elle les ressources pour aller mieux.<br data-start=\"621\" data-end=\"624\" \/>Ma vision de la sophrologie est avant tout <strong data-start=\"667\" data-end=\"726\">humaine, accessible et respectueuse du rythme de chacun<\/strong>.<br data-start=\"727\" data-end=\"730\" \/>Je crois qu\u2019en se reconnectant \u00e0 soi, on peut transformer son quotidien, pas \u00e0 pas, avec douceur.<\/h5>\t\t\t\t<\/div>\r\n\t\t\t\t\t\t\t\t<\/div>\t\t\t\r\n\t\t\t<\/div>\n\t\t\t\t<\/div>\n\t\t\t\t<\/div>\n\t\t<div class=\"elementor-element elementor-element-9bada26 e-con-full e-flex rt-default-class e-con e-child\" data-id=\"9bada26\" data-element_type=\"container\">\n\t\t\t\t<div class=\"elementor-element elementor-element-2071905 rt-default-class elementor-widget elementor-widget-react-heading\" data-id=\"2071905\" data-element_type=\"widget\" data-widget_type=\"react-heading.default\">\n\t\t\t\t<div class=\"elementor-widget-container\">\n\t\t\t\t\t<div class=\"animation-wow fadeInRight react-heading default\">\r\n\t\t\t<div class=\"title-inner\">\r\n\t\t\t\t<div class=\"wow fadeInRight\"><h4 class=\"title word-line\">Ma mission<\/h4><\/div>\t\t\t<\/div>\r\n\t\t\t\r\n\t\t\t\t\t\t\t\t<\/div>\t\t\t\r\n\t\t\t<\/div>\n\t\t\t\t<\/div>\n\t\t\t\t<div class=\"elementor-element elementor-element-24cac09 custom-list rt-default-class elementor-widget elementor-widget-react-heading\" data-id=\"24cac09\" data-element_type=\"widget\" data-widget_type=\"react-heading.default\">\n\t\t\t\t<div class=\"elementor-widget-container\">\n\t\t\t\t\t<div class=\"animation-wow fadeInUp react-heading default\">\r\n\t\t\t<div class=\"title-inner\">\r\n\t\t\t\t\t\t\t<\/div>\r\n\t\t\t\r\n\t\t\t\t\t\t\t<div class=\"description wow fadeInUp \">\r\n\t\t\t\t\t<h5>Cr\u00e9er un espace s\u00e9cure, bienveillant et apaisant, o\u00f9 vous pouvez souffler, d\u00e9poser ce qui p\u00e8se et avancer vers plus de s\u00e9r\u00e9nit\u00e9.<br data-start=\"991\" data-end=\"994\" \/>\u00c0 travers des s\u00e9ances individuelles ou collectives, je vous guide vers un mieux-\u00eatre durable, en vous aidant \u00e0 renouer avec vos capacit\u00e9s, votre confiance et votre calme int\u00e9rieur.<\/h5>\t\t\t\t<\/div>\r\n\t\t\t\t\t\t\t\t<\/div>\t\t\t\r\n\t\t\t<\/div>\n\t\t\t\t<\/div>\n\t\t\t\t<\/div>\n\t\t\t\t\t<\/div>\n\t\t\t\t<\/div>\n\t\t\t\t<\/div>\n\t\t\t\t<\/div>\n\t\t","protected":false},"excerpt":{"rendered":"<p>Un lieu, une rencontre Le Lieu des Possibles \u2013 Un cadre apaisant pour se (re)trouver Situ\u00e9 dans le quartier de Saint Pierre \u00e0 Brest, Le Lieu des Possibles est un espace chaleureux d\u00e9di\u00e9 au bien-\u00eatre, \u00e0 l\u2019\u00e9coute et \u00e0 l\u2019accompagnement global de la personne. Cette maison pluridisciplinaire r\u00e9unit des professionnels engag\u00e9s, aux approches compl\u00e9mentaires, dans&#8230;<\/p>\n","protected":false},"author":1,"featured_media":0,"parent":0,"menu_order":0,"comment_status":"closed","ping_status":"closed","template":"elementor_header_footer","meta":{"footnotes":""},"class_list":["post-411","page","type-page","status-publish","hentry"],"aioseo_notices":[],"_links":{"self":[{"href":"https:\/\/brest-sophrologue.fr\/index.php\/wp-json\/wp\/v2\/pages\/411","targetHints":{"allow":["GET"]}}],"collection":[{"href":"https:\/\/brest-sophrologue.fr\/index.php\/wp-json\/wp\/v2\/pages"}],"about":[{"href":"https:\/\/brest-sophrologue.fr\/index.php\/wp-json\/wp\/v2\/types\/page"}],"author":[{"embeddable":true,"href":"https:\/\/brest-sophrologue.fr\/index.php\/wp-json\/wp\/v2\/users\/1"}],"replies":[{"embeddable":true,"href":"https:\/\/brest-sophrologue.fr\/index.php\/wp-json\/wp\/v2\/comments?post=411"}],"version-history":[{"count":64,"href":"https:\/\/brest-sophrologue.fr\/index.php\/wp-json\/wp\/v2\/pages\/411\/revisions"}],"predecessor-version":[{"id":3647,"href":"https:\/\/brest-sophrologue.fr\/index.php\/wp-json\/wp\/v2\/pages\/411\/revisions\/3647"}],"wp:attachment":[{"href":"https:\/\/brest-sophrologue.fr\/index.php\/wp-json\/wp\/v2\/media?parent=411"}],"curies":[{"name":"wp","href":"https:\/\/api.w.org\/{rel}","templated":true}]}}